{"id":1538,"date":"2025-08-15T13:35:34","date_gmt":"2025-08-15T13:35:34","guid":{"rendered":"https:\/\/sanaraja.fi\/?page_id=1538"},"modified":"2025-08-15T13:38:44","modified_gmt":"2025-08-15T13:38:44","slug":"mtpe","status":"publish","type":"page","link":"https:\/\/sanaraja.fi\/index.php\/palvelut\/mtpe\/","title":{"rendered":"J\u00e4lkieditointi (MTPE)"},"content":{"rendered":"\t\t<div data-elementor-type=\"wp-page\" data-elementor-id=\"1538\" class=\"elementor elementor-1538\">\n\t\t\t\t\t\t<section class=\"elementor-section elementor-top-section elementor-element elementor-element-5d1ae67 elementor-section-boxed elementor-section-height-default elementor-section-height-default\" data-id=\"5d1ae67\" data-element_type=\"section\" data-e-type=\"section\">\n\t\t\t\t\t\t<div class=\"elementor-container elementor-column-gap-default\">\n\t\t\t\t\t<div class=\"elementor-column elementor-col-66 elementor-top-column elementor-element elementor-element-34b84cb\" data-id=\"34b84cb\" data-element_type=\"column\" data-e-type=\"column\">\n\t\t\t<div class=\"elementor-widget-wrap elementor-element-populated\">\n\t\t\t\t\t\t<div class=\"elementor-element elementor-element-2700903 elementor-widget elementor-widget-text-editor\" data-id=\"2700903\" data-element_type=\"widget\" data-e-type=\"widget\" data-widget_type=\"text-editor.default\">\n\t\t\t\t<div class=\"elementor-widget-container\">\n\t\t\t\t\t\t\t\t\t<h4><strong>Konek\u00e4\u00e4nn\u00f6sten j\u00e4lkieditointi<\/strong><\/h4><p><span style=\"font-weight: 400;\">T\u00e4n\u00e4 koneavusteisen tekstintuottamisen kulta-aikana on erityisen t\u00e4rke\u00e4\u00e4 kiinnitt\u00e4\u00e4 huomiota siihen, milt\u00e4 teksti n\u00e4ytt\u00e4\u00e4 lukijan silmiss\u00e4. Esimerkiksi teko\u00e4ly on oiva ty\u00f6kalu silloin, kun tarvitset teksti\u00e4 nopeasti (oli sitten kyse oman kielesi tekstist\u00e4 tai k\u00e4\u00e4nn\u00f6ksest\u00e4). Teko\u00e4ly on kuitenkin parhaimmillaan avustavana ty\u00f6kaluna, eik\u00e4 sen kykyyn tuottaa valmista teksti\u00e4 tulisi luottaa sokeasti. Teko\u00e4lyn tuottama teksti on usein tyylilt\u00e4\u00e4n konemaista, mik\u00e4 ei tavoita yleis\u00f6si syd\u00e4mi\u00e4 ja mieli\u00e4 samalla tavalla kuin ihmisen tuottama teksti. Siin\u00e4 saattaa esiinty\u00e4 my\u00f6s suoranaisia asiavirheit\u00e4, jotka v\u00e4hent\u00e4v\u00e4t sen tuottaman tekstin luotettavuutta ja saattavat jopa johtaa harmillisiin v\u00e4\u00e4rink\u00e4sityksiin tai muihin ongelmiin.<\/span><\/p><p><span style=\"font-weight: 400;\">Noin kaksi kolmasosaa saamistamme toimeksiannoista keskittyv\u00e4t nykyisin nimenomaan konek\u00e4\u00e4nn\u00f6sten j\u00e4lkieditointiin.<\/span><\/p><h4><strong>Teksti koneelta, laatu ammattilaiselta<\/strong><\/h4><p><span style=\"font-weight: 400;\">Suomen kielen rakenne, erityisesti useat sijamuodot, vaikeuttaa konek\u00e4\u00e4ntimen ty\u00f6t\u00e4. N\u00e4in ollen my\u00f6s konek\u00e4\u00e4ntimien tuottaman tekstin laatu vaihtelee paljon k\u00e4\u00e4ntimien v\u00e4lill\u00e4, sill\u00e4 pohjatietoa tarvitaan paljon, jotta teksti on ymm\u00e4rrett\u00e4v\u00e4\u00e4. T\u00e4st\u00e4 syyst\u00e4 konek\u00e4\u00e4nn\u00f6st\u00e4 ei my\u00f6sk\u00e4\u00e4n yleens\u00e4 k\u00e4ytet\u00e4 sellaisenaan, vaan k\u00e4\u00e4nt\u00e4j\u00e4 tai muu kielen ammattilainen j\u00e4lkieditoi koneen tuottaman tekstin. Konek\u00e4\u00e4nn\u00f6s voi olla hy\u00f6dyllinen apu, mutta laadusta riippuen my\u00f6s t\u00e4ysin hy\u00f6dyt\u00f6n. T\u00e4m\u00e4n lis\u00e4ksi on hyv\u00e4 muistaa, ettei ilmainen, ja siis julkinen, k\u00e4\u00e4nn\u00f6sohjelma ole tietoturvallinen. Muistathan varmistaa, etteiv\u00e4t tietosi p\u00e4\u00e4dy yleiseen k\u00e4ytt\u00f6\u00f6n.<\/span><\/p><p><span style=\"font-weight: 400;\"><a href=\"https:\/\/sanaraja.fi\/index.php\/me\/ota-yhteytta\/\">Kysy meilt\u00e4 tarjousta<\/a> konek\u00e4\u00e4nn\u00f6stekstiisi ja hiotaan tekstisi yhdess\u00e4 huippuunsa.<\/span><\/p>\t\t\t\t\t\t\t\t<\/div>\n\t\t\t\t<\/div>\n\t\t\t\t\t<\/div>\n\t\t<\/div>\n\t\t\t\t<div class=\"elementor-column elementor-col-33 elementor-top-column elementor-element elementor-element-aff2fb8\" data-id=\"aff2fb8\" data-element_type=\"column\" data-e-type=\"column\">\n\t\t\t<div class=\"elementor-widget-wrap elementor-element-populated\">\n\t\t\t\t\t\t<div class=\"elementor-element elementor-element-8fbbf85 elementor-widget elementor-widget-html\" data-id=\"8fbbf85\" data-element_type=\"widget\" data-e-type=\"widget\" data-widget_type=\"html.default\">\n\t\t\t\t<div class=\"elementor-widget-container\">\n\t\t\t\t\t<blockquote class=\"instagram-media\" data-instgrm-permalink=\"https:\/\/www.instagram.com\/p\/DLUyaBAoqJn\/?utm_source=ig_embed&amp;utm_campaign=loading\" data-instgrm-version=\"14\" style=\" background:#FFF; border:0; border-radius:3px; box-shadow:0 0 1px 0 rgba(0,0,0,0.5),0 1px 10px 0 rgba(0,0,0,0.15); margin: 1px; max-width:540px; min-width:326px; padding:0; width:99.375%; width:-webkit-calc(100% - 2px); width:calc(100% - 2px);\"><div style=\"padding:16px;\"> <a href=\"https:\/\/www.instagram.com\/p\/DLUyaBAoqJn\/?utm_source=ig_embed&amp;utm_campaign=loading\" style=\" background:#FFFFFF; line-height:0; padding:0 0; text-align:center; text-decoration:none; width:100%;\" target=\"_blank\"> <div style=\" display: flex; flex-direction: row; align-items: center;\"> <div style=\"background-color: #F4F4F4; border-radius: 50%; flex-grow: 0; height: 40px; margin-right: 14px; width: 40px;\"><\/div> <div style=\"display: flex; flex-direction: column; flex-grow: 1; justify-content: center;\"> <div style=\" background-color: #F4F4F4; border-radius: 4px; flex-grow: 0; height: 14px; margin-bottom: 6px; width: 100px;\"><\/div> <div style=\" background-color: #F4F4F4; border-radius: 4px; flex-grow: 0; height: 14px; width: 60px;\"><\/div><\/div><\/div><div style=\"padding: 19% 0;\"><\/div> <div style=\"display:block; height:50px; margin:0 auto 12px; width:50px;\"><svg width=\"50px\" height=\"50px\" viewBox=\"0 0 60 60\" version=\"1.1\" xmlns=\"https:\/\/www.w3.org\/2000\/svg\" xmlns:xlink=\"https:\/\/www.w3.org\/1999\/xlink\"><g stroke=\"none\" stroke-width=\"1\" fill=\"none\" fill-rule=\"evenodd\"><g transform=\"translate(-511.000000, -20.000000)\" fill=\"#000000\"><g><path d=\"M556.869,30.41 C554.814,30.41 553.148,32.076 553.148,34.131 C553.148,36.186 554.814,37.852 556.869,37.852 C558.924,37.852 560.59,36.186 560.59,34.131 C560.59,32.076 558.924,30.41 556.869,30.41 M541,60.657 C535.114,60.657 530.342,55.887 530.342,50 C530.342,44.114 535.114,39.342 541,39.342 C546.887,39.342 551.658,44.114 551.658,50 C551.658,55.887 546.887,60.657 541,60.657 M541,33.886 C532.1,33.886 524.886,41.1 524.886,50 C524.886,58.899 532.1,66.113 541,66.113 C549.9,66.113 557.115,58.899 557.115,50 C557.115,41.1 549.9,33.886 541,33.886 M565.378,62.101 C565.244,65.022 564.756,66.606 564.346,67.663 C563.803,69.06 563.154,70.057 562.106,71.106 C561.058,72.155 560.06,72.803 558.662,73.347 C557.607,73.757 556.021,74.244 553.102,74.378 C549.944,74.521 548.997,74.552 541,74.552 C533.003,74.552 532.056,74.521 528.898,74.378 C525.979,74.244 524.393,73.757 523.338,73.347 C521.94,72.803 520.942,72.155 519.894,71.106 C518.846,70.057 518.197,69.06 517.654,67.663 C517.244,66.606 516.755,65.022 516.623,62.101 C516.479,58.943 516.448,57.996 516.448,50 C516.448,42.003 516.479,41.056 516.623,37.899 C516.755,34.978 517.244,33.391 517.654,32.338 C518.197,30.938 518.846,29.942 519.894,28.894 C520.942,27.846 521.94,27.196 523.338,26.654 C524.393,26.244 525.979,25.756 528.898,25.623 C532.057,25.479 533.004,25.448 541,25.448 C548.997,25.448 549.943,25.479 553.102,25.623 C556.021,25.756 557.607,26.244 558.662,26.654 C560.06,27.196 561.058,27.846 562.106,28.894 C563.154,29.942 563.803,30.938 564.346,32.338 C564.756,33.391 565.244,34.978 565.378,37.899 C565.522,41.056 565.552,42.003 565.552,50 C565.552,57.996 565.522,58.943 565.378,62.101 M570.82,37.631 C570.674,34.438 570.167,32.258 569.425,30.349 C568.659,28.377 567.633,26.702 565.965,25.035 C564.297,23.368 562.623,22.342 560.652,21.575 C558.743,20.834 556.562,20.326 553.369,20.18 C550.169,20.033 549.148,20 541,20 C532.853,20 531.831,20.033 528.631,20.18 C525.438,20.326 523.257,20.834 521.349,21.575 C519.376,22.342 517.703,23.368 516.035,25.035 C514.368,26.702 513.342,28.377 512.574,30.349 C511.834,32.258 511.326,34.438 511.181,37.631 C511.035,40.831 511,41.851 511,50 C511,58.147 511.035,59.17 511.181,62.369 C511.326,65.562 511.834,67.743 512.574,69.651 C513.342,71.625 514.368,73.296 516.035,74.965 C517.703,76.634 519.376,77.658 521.349,78.425 C523.257,79.167 525.438,79.673 528.631,79.82 C531.831,79.965 532.853,80.001 541,80.001 C549.148,80.001 550.169,79.965 553.369,79.82 C556.562,79.673 558.743,79.167 560.652,78.425 C562.623,77.658 564.297,76.634 565.965,74.965 C567.633,73.296 568.659,71.625 569.425,69.651 C570.167,67.743 570.674,65.562 570.82,62.369 C570.966,59.17 571,58.147 571,50 C571,41.851 570.966,40.831 570.82,37.631\"><\/path><\/g><\/g><\/g><\/svg><\/div><div style=\"padding-top: 8px;\"> <div style=\" color:#3897f0; font-family:Arial,sans-serif; font-size:14px; font-style:normal; font-weight:550; line-height:18px;\">View this post on Instagram<\/div><\/div><div style=\"padding: 12.5% 0;\"><\/div> <div style=\"display: flex; flex-direction: row; margin-bottom: 14px; align-items: center;\"><div> <div style=\"background-color: #F4F4F4; border-radius: 50%; height: 12.5px; width: 12.5px; transform: translateX(0px) translateY(7px);\"><\/div> <div style=\"background-color: #F4F4F4; height: 12.5px; transform: rotate(-45deg) translateX(3px) translateY(1px); width: 12.5px; flex-grow: 0; margin-right: 14px; margin-left: 2px;\"><\/div> <div style=\"background-color: #F4F4F4; border-radius: 50%; height: 12.5px; width: 12.5px; transform: translateX(9px) translateY(-18px);\"><\/div><\/div><div style=\"margin-left: 8px;\"> <div style=\" background-color: #F4F4F4; border-radius: 50%; flex-grow: 0; height: 20px; width: 20px;\"><\/div> <div style=\" width: 0; height: 0; border-top: 2px solid transparent; border-left: 6px solid #f4f4f4; border-bottom: 2px solid transparent; transform: translateX(16px) translateY(-4px) rotate(30deg)\"><\/div><\/div><div style=\"margin-left: auto;\"> <div style=\" width: 0px; border-top: 8px solid #F4F4F4; border-right: 8px solid transparent; transform: translateY(16px);\"><\/div> <div style=\" background-color: #F4F4F4; flex-grow: 0; height: 12px; width: 16px; transform: translateY(-4px);\"><\/div> <div style=\" width: 0; height: 0; border-top: 8px solid #F4F4F4; border-left: 8px solid transparent; transform: translateY(-4px) translateX(8px);\"><\/div><\/div><\/div> <div style=\"display: flex; flex-direction: column; flex-grow: 1; justify-content: center; margin-bottom: 24px;\"> <div style=\" background-color: #F4F4F4; border-radius: 4px; flex-grow: 0; height: 14px; margin-bottom: 6px; width: 224px;\"><\/div> <div style=\" background-color: #F4F4F4; border-radius: 4px; flex-grow: 0; height: 14px; width: 144px;\"><\/div><\/div><\/a><p style=\" color:#c9c8cd; font-family:Arial,sans-serif; font-size:14px; line-height:17px; margin-bottom:0; margin-top:8px; overflow:hidden; padding:8px 0 7px; text-align:center; text-overflow:ellipsis; white-space:nowrap;\"><a href=\"https:\/\/www.instagram.com\/p\/DLUyaBAoqJn\/?utm_source=ig_embed&amp;utm_campaign=loading\" style=\" color:#c9c8cd; font-family:Arial,sans-serif; font-size:14px; font-style:normal; font-weight:normal; line-height:17px; text-decoration:none;\" target=\"_blank\">A post shared by Sanaraja Oy (@sanaraja_oy)<\/a><\/p><\/div><\/blockquote>\r\n<script async src=\"\/\/www.instagram.com\/embed.js\"><\/script>\t\t\t\t<\/div>\n\t\t\t\t<\/div>\n\t\t\t\t\t<\/div>\n\t\t<\/div>\n\t\t\t\t\t<\/div>\n\t\t<\/section>\n\t\t\t\t<\/div>\n\t\t","protected":false},"excerpt":{"rendered":"<p>Konek\u00e4\u00e4nn\u00f6sten j\u00e4lkieditointi T\u00e4n\u00e4 koneavusteisen tekstintuottamisen kulta-aikana on erityisen t\u00e4rke\u00e4\u00e4 kiinnitt\u00e4\u00e4 huomiota siihen, milt\u00e4 teksti n\u00e4ytt\u00e4\u00e4 lukijan silmiss\u00e4. Esimerkiksi teko\u00e4ly on oiva ty\u00f6kalu silloin, kun tarvitset teksti\u00e4 nopeasti (oli sitten kyse oman kielesi tekstist\u00e4 tai k\u00e4\u00e4nn\u00f6ksest\u00e4). Teko\u00e4ly on kuitenkin parhaimmillaan avustavana ty\u00f6kaluna, eik\u00e4 sen kykyyn tuottaa valmista teksti\u00e4 tulisi luottaa sokeasti. Teko\u00e4lyn tuottama teksti on usein [&hellip;]<\/p>\n","protected":false},"author":1,"featured_media":0,"parent":51,"menu_order":0,"comment_status":"closed","ping_status":"closed","template":"","meta":{"site-sidebar-layout":"no-sidebar","site-content-layout":"page-builder","ast-site-content-layout":"full-width-container","site-content-style":"default","site-sidebar-style":"default","ast-global-header-display":"","ast-banner-title-visibility":"","ast-main-header-display":"","ast-hfb-above-header-display":"","ast-hfb-below-header-display":"","ast-hfb-mobile-header-display":"","site-post-title":"","ast-breadcrumbs-content":"","ast-featured-img":"disabled","footer-sml-layout":"","theme-transparent-header-meta":"","adv-header-id-meta":"","stick-header-meta":"","header-above-stick-meta":"","header-main-stick-meta":"","header-below-stick-meta":"","astra-migrate-meta-layouts":"set","ast-page-background-enabled":"default","ast-page-background-meta":{"desktop":{"background-color":"var(--ast-global-color-4)","background-image":"","background-repeat":"repeat","background-position":"center center","background-size":"auto","background-attachment":"scroll","background-type":"","background-media":"","overlay-type":"","overlay-color":"","overlay-opacity":"","overlay-gradient":""},"tablet":{"background-color":"","background-image":"","background-repeat":"repeat","background-position":"center center","background-size":"auto","background-attachment":"scroll","background-type":"","background-media":"","overlay-type":"","overlay-color":"","overlay-opacity":"","overlay-gradient":""},"mobile":{"background-color":"","background-image":"","background-repeat":"repeat","background-position":"center center","background-size":"auto","background-attachment":"scroll","background-type":"","background-media":"","overlay-type":"","overlay-color":"","overlay-opacity":"","overlay-gradient":""}},"ast-content-background-meta":{"desktop":{"background-color":"var(--ast-global-color-5)","background-image":"","background-repeat":"repeat","background-position":"center center","background-size":"auto","background-attachment":"scroll","background-type":"","background-media":"","overlay-type":"","overlay-color":"","overlay-opacity":"","overlay-gradient":""},"tablet":{"background-color":"var(--ast-global-color-5)","background-image":"","background-repeat":"repeat","background-position":"center center","background-size":"auto","background-attachment":"scroll","background-type":"","background-media":"","overlay-type":"","overlay-color":"","overlay-opacity":"","overlay-gradient":""},"mobile":{"background-color":"var(--ast-global-color-5)","background-image":"","background-repeat":"repeat","background-position":"center center","background-size":"auto","background-attachment":"scroll","background-type":"","background-media":"","overlay-type":"","overlay-color":"","overlay-opacity":"","overlay-gradient":""}},"footnotes":""},"class_list":["post-1538","page","type-page","status-publish","hentry"],"_links":{"self":[{"href":"https:\/\/sanaraja.fi\/index.php\/wp-json\/wp\/v2\/pages\/1538","targetHints":{"allow":["GET"]}}],"collection":[{"href":"https:\/\/sanaraja.fi\/index.php\/wp-json\/wp\/v2\/pages"}],"about":[{"href":"https:\/\/sanaraja.fi\/index.php\/wp-json\/wp\/v2\/types\/page"}],"author":[{"embeddable":true,"href":"https:\/\/sanaraja.fi\/index.php\/wp-json\/wp\/v2\/users\/1"}],"replies":[{"embeddable":true,"href":"https:\/\/sanaraja.fi\/index.php\/wp-json\/wp\/v2\/comments?post=1538"}],"version-history":[{"count":5,"href":"https:\/\/sanaraja.fi\/index.php\/wp-json\/wp\/v2\/pages\/1538\/revisions"}],"predecessor-version":[{"id":1544,"href":"https:\/\/sanaraja.fi\/index.php\/wp-json\/wp\/v2\/pages\/1538\/revisions\/1544"}],"up":[{"embeddable":true,"href":"https:\/\/sanaraja.fi\/index.php\/wp-json\/wp\/v2\/pages\/51"}],"wp:attachment":[{"href":"https:\/\/sanaraja.fi\/index.php\/wp-json\/wp\/v2\/media?parent=1538"}],"curies":[{"name":"wp","href":"https:\/\/api.w.org\/{rel}","templated":true}]}}