{"id":51,"date":"2023-08-30T12:50:46","date_gmt":"2023-08-30T12:50:46","guid":{"rendered":"https:\/\/sanaraja.fi\/?page_id=51"},"modified":"2025-10-15T07:17:35","modified_gmt":"2025-10-15T07:17:35","slug":"palvelut","status":"publish","type":"page","link":"https:\/\/sanaraja.fi\/index.php\/palvelut\/","title":{"rendered":"Palvelut"},"content":{"rendered":"\t\t<div data-elementor-type=\"wp-page\" data-elementor-id=\"51\" class=\"elementor elementor-51\">\n\t\t\t\t\t\t<section class=\"elementor-section elementor-top-section elementor-element elementor-element-8b09e4a elementor-section-boxed elementor-section-height-default elementor-section-height-default\" data-id=\"8b09e4a\" data-element_type=\"section\" data-e-type=\"section\">\n\t\t\t\t\t\t<div class=\"elementor-container elementor-column-gap-default\">\n\t\t\t\t\t<div class=\"elementor-column elementor-col-100 elementor-top-column elementor-element elementor-element-68e5098\" data-id=\"68e5098\" data-element_type=\"column\" data-e-type=\"column\">\n\t\t\t<div class=\"elementor-widget-wrap elementor-element-populated\">\n\t\t\t\t\t\t<div class=\"elementor-element elementor-element-6a00ede elementor-widget elementor-widget-image\" data-id=\"6a00ede\" data-element_type=\"widget\" data-e-type=\"widget\" data-widget_type=\"image.default\">\n\t\t\t\t<div class=\"elementor-widget-container\">\n\t\t\t\t\t\t\t\t\t\t\t\t\t\t\t<img decoding=\"async\" src=\"https:\/\/sanaraja.fi\/wp-content\/uploads\/elementor\/thumbs\/Tampere-3_PS-qufmpphe26wlkiy0oqf8bd2ncu9fugq90oa8sab6fc.jpg\" title=\"Tampere 3_PS\" alt=\"Tampere 3_PS\" loading=\"lazy\" \/>\t\t\t\t\t\t\t\t\t\t\t\t\t\t\t<\/div>\n\t\t\t\t<\/div>\n\t\t\t\t\t<\/div>\n\t\t<\/div>\n\t\t\t\t\t<\/div>\n\t\t<\/section>\n\t\t\t\t<section class=\"elementor-section elementor-top-section elementor-element elementor-element-d0e80c1 elementor-section-boxed elementor-section-height-default elementor-section-height-default\" data-id=\"d0e80c1\" data-element_type=\"section\" data-e-type=\"section\">\n\t\t\t\t\t\t<div class=\"elementor-container elementor-column-gap-default\">\n\t\t\t\t\t<div class=\"elementor-column elementor-col-100 elementor-top-column elementor-element elementor-element-c58e60a\" data-id=\"c58e60a\" data-element_type=\"column\" data-e-type=\"column\">\n\t\t\t<div class=\"elementor-widget-wrap elementor-element-populated\">\n\t\t\t\t\t\t<div class=\"elementor-element elementor-element-36c62a8 elementor-widget elementor-widget-heading\" data-id=\"36c62a8\" data-element_type=\"widget\" data-e-type=\"widget\" data-widget_type=\"heading.default\">\n\t\t\t\t<div class=\"elementor-widget-container\">\n\t\t\t\t\t<h2 class=\"elementor-heading-title elementor-size-default\">Kielipalvelua, joka osuu maaliin<\/h2>\t\t\t\t<\/div>\n\t\t\t\t<\/div>\n\t\t\t\t\t<\/div>\n\t\t<\/div>\n\t\t\t\t\t<\/div>\n\t\t<\/section>\n\t\t\t\t<section class=\"elementor-section elementor-top-section elementor-element elementor-element-1a13b34 elementor-section-boxed elementor-section-height-default elementor-section-height-default\" data-id=\"1a13b34\" data-element_type=\"section\" data-e-type=\"section\">\n\t\t\t\t\t\t<div class=\"elementor-container elementor-column-gap-default\">\n\t\t\t\t\t<div class=\"elementor-column elementor-col-100 elementor-top-column elementor-element elementor-element-a2dd92f\" data-id=\"a2dd92f\" data-element_type=\"column\" data-e-type=\"column\">\n\t\t\t<div class=\"elementor-widget-wrap elementor-element-populated\">\n\t\t\t\t\t\t<div class=\"elementor-element elementor-element-ea08527 elementor-widget elementor-widget-text-editor\" data-id=\"ea08527\" data-element_type=\"widget\" data-e-type=\"widget\" data-widget_type=\"text-editor.default\">\n\t\t\t\t<div class=\"elementor-widget-container\">\n\t\t\t\t\t\t\t\t\t<h4><strong>Viestint\u00e4\u00e4 suomi-englanti- ja englanti-suomi-kielipareissa<\/strong><\/h4>\t\t\t\t\t\t\t\t<\/div>\n\t\t\t\t<\/div>\n\t\t\t\t\t<\/div>\n\t\t<\/div>\n\t\t\t\t\t<\/div>\n\t\t<\/section>\n\t\t\t\t<section class=\"elementor-section elementor-top-section elementor-element elementor-element-ad50a71 elementor-section-boxed elementor-section-height-default elementor-section-height-default\" data-id=\"ad50a71\" data-element_type=\"section\" data-e-type=\"section\">\n\t\t\t\t\t\t<div class=\"elementor-container elementor-column-gap-default\">\n\t\t\t\t\t<div class=\"elementor-column elementor-col-100 elementor-top-column elementor-element elementor-element-52f1862\" data-id=\"52f1862\" data-element_type=\"column\" data-e-type=\"column\">\n\t\t\t<div class=\"elementor-widget-wrap elementor-element-populated\">\n\t\t\t\t\t\t<div class=\"elementor-element elementor-element-3c9ced9 elementor-widget__width-initial elementor-widget elementor-widget-text-editor\" data-id=\"3c9ced9\" data-element_type=\"widget\" data-e-type=\"widget\" data-widget_type=\"text-editor.default\">\n\t\t\t\t<div class=\"elementor-widget-container\">\n\t\t\t\t\t\t\t\t\t<p><span style=\"font-weight: 400;\">Tarvitsetko selke\u00e4\u00e4 kielt\u00e4, sujuvaa k\u00e4\u00e4nn\u00f6st\u00e4 tai koulutustilaisuuteen tulkin, joka fasilitoi ymm\u00e4rryst\u00e4? Autamme viestim\u00e4\u00e4n ymm\u00e4rrett\u00e4v\u00e4sti, vakuuttavasti ja oikealla tavalla. Kun sanat merkitsev\u00e4t \u2013 ja niiden on osuttava oikeaan \u2013 tarvitset t\u00e4sm\u00e4ratkaisun, joka tukee viesti\u00e4si.\u00a0<\/span><\/p><p><span style=\"font-weight: 400;\"><strong>Ota yhteytt\u00e4<\/strong> ja etsit\u00e4\u00e4n sinun viestillesi sopiva ratkaisu.<\/span><\/p><ul><li style=\"font-weight: 400;\" aria-level=\"1\"><a href=\"https:\/\/sanaraja.fi\/index.php\/palvelut\/tulkkaus\/\">Tulkkaus<\/a><span style=\"font-weight: 400;\"> erilaisiin tilaisuuksiin ja tarpeisiin<\/span><ul><li style=\"font-weight: 400;\" aria-level=\"2\"><a href=\"https:\/\/sanaraja.fi\/index.php\/palvelut\/tulkkaus\/tulkkausmenetelmat\/\"><span style=\"font-weight: 400;\">Fasilitointitulkkaus<\/span><\/a><\/li><li style=\"font-weight: 400;\" aria-level=\"2\"><span style=\"font-weight: 400;\">Muut tulkkauspalvelut<\/span><\/li><\/ul><\/li><li style=\"font-weight: 400;\" aria-level=\"1\"><a href=\"https:\/\/sanaraja.fi\/index.php\/palvelut\/kaannospalvelut\/\">K\u00e4\u00e4nn\u00f6spalvelut<\/a><ul><li style=\"font-weight: 400;\" aria-level=\"2\"><span style=\"font-weight: 400;\">K\u00e4\u00e4nn\u00f6kset\u00a0<\/span><\/li><li style=\"font-weight: 400;\" aria-level=\"2\"><span style=\"font-weight: 400;\">Konek\u00e4\u00e4nn\u00f6sten j\u00e4lkieditointi<\/span><\/li><\/ul><\/li><li style=\"font-weight: 400;\" aria-level=\"1\"><a href=\"https:\/\/sanaraja.fi\/index.php\/palvelut\/muut-kielipalvelut\/\">Muut kielipalvelut<\/a><ul><li style=\"font-weight: 400;\" aria-level=\"2\"><span style=\"font-weight: 400;\">Kielenhuolto<\/span><\/li><li style=\"font-weight: 400;\" aria-level=\"2\"><span style=\"font-weight: 400;\">Sis\u00e4ll\u00f6ntuottaminen<\/span><\/li><\/ul><\/li><\/ul>\t\t\t\t\t\t\t\t<\/div>\n\t\t\t\t<\/div>\n\t\t\t\t\t<\/div>\n\t\t<\/div>\n\t\t\t\t\t<\/div>\n\t\t<\/section>\n\t\t\t\t<\/div>\n\t\t","protected":false},"excerpt":{"rendered":"<p>Kielipalvelua, joka osuu maaliin Viestint\u00e4\u00e4 suomi-englanti- ja englanti-suomi-kielipareissa Tarvitsetko selke\u00e4\u00e4 kielt\u00e4, sujuvaa k\u00e4\u00e4nn\u00f6st\u00e4 tai koulutustilaisuuteen tulkin, joka fasilitoi ymm\u00e4rryst\u00e4? Autamme viestim\u00e4\u00e4n ymm\u00e4rrett\u00e4v\u00e4sti, vakuuttavasti ja oikealla tavalla. Kun sanat merkitsev\u00e4t \u2013 ja niiden on osuttava oikeaan \u2013 tarvitset t\u00e4sm\u00e4ratkaisun, joka tukee viesti\u00e4si.\u00a0 Ota yhteytt\u00e4 ja etsit\u00e4\u00e4n sinun viestillesi sopiva ratkaisu. Tulkkaus erilaisiin tilaisuuksiin ja tarpeisiin Fasilitointitulkkaus [&hellip;]<\/p>\n","protected":false},"author":1,"featured_media":0,"parent":0,"menu_order":2,"comment_status":"closed","ping_status":"closed","template":"","meta":{"site-sidebar-layout":"no-sidebar","site-content-layout":"page-builder","ast-site-content-layout":"full-width-container","site-content-style":"unboxed","site-sidebar-style":"unboxed","ast-global-header-display":"","ast-banner-title-visibility":"","ast-main-header-display":"","ast-hfb-above-header-display":"","ast-hfb-below-header-display":"","ast-hfb-mobile-header-display":"","site-post-title":"","ast-breadcrumbs-content":"","ast-featured-img":"disabled","footer-sml-layout":"","theme-transparent-header-meta":"","adv-header-id-meta":"","stick-header-meta":"","header-above-stick-meta":"","header-main-stick-meta":"","header-below-stick-meta":"","astra-migrate-meta-layouts":"set","ast-page-background-enabled":"default","ast-page-background-meta":{"desktop":{"background-color":"var(--ast-global-color-4)","background-image":"","background-repeat":"repeat","background-position":"center center","background-size":"auto","background-attachment":"scroll","background-type":"","background-media":"","overlay-type":"","overlay-color":"","overlay-opacity":"","overlay-gradient":""},"tablet":{"background-color":"","background-image":"","background-repeat":"repeat","background-position":"center center","background-size":"auto","background-attachment":"scroll","background-type":"","background-media":"","overlay-type":"","overlay-color":"","overlay-opacity":"","overlay-gradient":""},"mobile":{"background-color":"","background-image":"","background-repeat":"repeat","background-position":"center center","background-size":"auto","background-attachment":"scroll","background-type":"","background-media":"","overlay-type":"","overlay-color":"","overlay-opacity":"","overlay-gradient":""}},"ast-content-background-meta":{"desktop":{"background-color":"var(--ast-global-color-5)","background-image":"","background-repeat":"repeat","background-position":"center center","background-size":"auto","background-attachment":"scroll","background-type":"","background-media":"","overlay-type":"","overlay-color":"","overlay-opacity":"","overlay-gradient":""},"tablet":{"background-color":"var(--ast-global-color-5)","background-image":"","background-repeat":"repeat","background-position":"center center","background-size":"auto","background-attachment":"scroll","background-type":"","background-media":"","overlay-type":"","overlay-color":"","overlay-opacity":"","overlay-gradient":""},"mobile":{"background-color":"var(--ast-global-color-5)","background-image":"","background-repeat":"repeat","background-position":"center center","background-size":"auto","background-attachment":"scroll","background-type":"","background-media":"","overlay-type":"","overlay-color":"","overlay-opacity":"","overlay-gradient":""}},"footnotes":""},"class_list":["post-51","page","type-page","status-publish","hentry"],"_links":{"self":[{"href":"https:\/\/sanaraja.fi\/index.php\/wp-json\/wp\/v2\/pages\/51","targetHints":{"allow":["GET"]}}],"collection":[{"href":"https:\/\/sanaraja.fi\/index.php\/wp-json\/wp\/v2\/pages"}],"about":[{"href":"https:\/\/sanaraja.fi\/index.php\/wp-json\/wp\/v2\/types\/page"}],"author":[{"embeddable":true,"href":"https:\/\/sanaraja.fi\/index.php\/wp-json\/wp\/v2\/users\/1"}],"replies":[{"embeddable":true,"href":"https:\/\/sanaraja.fi\/index.php\/wp-json\/wp\/v2\/comments?post=51"}],"version-history":[{"count":36,"href":"https:\/\/sanaraja.fi\/index.php\/wp-json\/wp\/v2\/pages\/51\/revisions"}],"predecessor-version":[{"id":1686,"href":"https:\/\/sanaraja.fi\/index.php\/wp-json\/wp\/v2\/pages\/51\/revisions\/1686"}],"wp:attachment":[{"href":"https:\/\/sanaraja.fi\/index.php\/wp-json\/wp\/v2\/media?parent=51"}],"curies":[{"name":"wp","href":"https:\/\/api.w.org\/{rel}","templated":true}]}}