{"id":56,"date":"2023-08-30T12:50:46","date_gmt":"2023-08-30T12:50:46","guid":{"rendered":"https:\/\/sanaraja.fi\/?page_id=56"},"modified":"2026-03-20T11:20:41","modified_gmt":"2026-03-20T11:20:41","slug":"hinnasto","status":"publish","type":"page","link":"https:\/\/sanaraja.fi\/index.php\/hinnasto\/","title":{"rendered":"Hinnasto"},"content":{"rendered":"\t\t<div data-elementor-type=\"wp-page\" data-elementor-id=\"56\" class=\"elementor elementor-56\">\n\t\t\t\t\t\t<section class=\"elementor-section elementor-top-section elementor-element elementor-element-e26647d elementor-section-boxed elementor-section-height-default elementor-section-height-default\" data-id=\"e26647d\" data-element_type=\"section\" data-e-type=\"section\">\n\t\t\t\t\t\t<div class=\"elementor-container elementor-column-gap-default\">\n\t\t\t\t\t<div class=\"elementor-column elementor-col-100 elementor-top-column elementor-element elementor-element-ee68816\" data-id=\"ee68816\" data-element_type=\"column\" data-e-type=\"column\">\n\t\t\t<div class=\"elementor-widget-wrap elementor-element-populated\">\n\t\t\t\t\t\t<div class=\"elementor-element elementor-element-5fb5431 elementor-widget elementor-widget-image\" data-id=\"5fb5431\" data-element_type=\"widget\" data-e-type=\"widget\" data-widget_type=\"image.default\">\n\t\t\t\t<div class=\"elementor-widget-container\">\n\t\t\t\t\t\t\t\t\t\t\t\t\t\t\t<img decoding=\"async\" src=\"https:\/\/sanaraja.fi\/wp-content\/uploads\/elementor\/thumbs\/Tampere-8_PS_edited-1-2-qufmqzjhdig0a8e7m7r4y12x2k0hzw4cczn3xxgb60.jpg\" title=\"Tampere 8_PS_edited-1\" alt=\"Tampere 8_PS_edited-1\" loading=\"lazy\" \/>\t\t\t\t\t\t\t\t\t\t\t\t\t\t\t<\/div>\n\t\t\t\t<\/div>\n\t\t\t\t\t<\/div>\n\t\t<\/div>\n\t\t\t\t\t<\/div>\n\t\t<\/section>\n\t\t\t\t<section class=\"elementor-section elementor-top-section elementor-element elementor-element-71c28b3 elementor-section-boxed elementor-section-height-default elementor-section-height-default\" data-id=\"71c28b3\" data-element_type=\"section\" data-e-type=\"section\">\n\t\t\t\t\t\t<div class=\"elementor-container elementor-column-gap-default\">\n\t\t\t\t\t<div class=\"elementor-column elementor-col-100 elementor-top-column elementor-element elementor-element-cd97865\" data-id=\"cd97865\" data-element_type=\"column\" data-e-type=\"column\">\n\t\t\t<div class=\"elementor-widget-wrap elementor-element-populated\">\n\t\t\t\t\t\t<div class=\"elementor-element elementor-element-ea95530 elementor-widget elementor-widget-heading\" data-id=\"ea95530\" data-element_type=\"widget\" data-e-type=\"widget\" data-widget_type=\"heading.default\">\n\t\t\t\t<div class=\"elementor-widget-container\">\n\t\t\t\t\t<h2 class=\"elementor-heading-title elementor-size-default\">Hinnasto<\/h2>\t\t\t\t<\/div>\n\t\t\t\t<\/div>\n\t\t\t\t\t<\/div>\n\t\t<\/div>\n\t\t\t\t\t<\/div>\n\t\t<\/section>\n\t\t\t\t<section class=\"elementor-section elementor-top-section elementor-element elementor-element-a83a701 elementor-section-boxed elementor-section-height-default elementor-section-height-default\" data-id=\"a83a701\" data-element_type=\"section\" data-e-type=\"section\">\n\t\t\t\t\t\t<div class=\"elementor-container elementor-column-gap-default\">\n\t\t\t\t\t<div class=\"elementor-column elementor-col-50 elementor-top-column elementor-element elementor-element-adf23e9\" data-id=\"adf23e9\" data-element_type=\"column\" data-e-type=\"column\">\n\t\t\t<div class=\"elementor-widget-wrap elementor-element-populated\">\n\t\t\t\t\t\t<div class=\"elementor-element elementor-element-bfef44b elementor-widget elementor-widget-text-editor\" data-id=\"bfef44b\" data-element_type=\"widget\" data-e-type=\"widget\" data-widget_type=\"text-editor.default\">\n\t\t\t\t<div class=\"elementor-widget-container\">\n\t\t\t\t\t\t\t\t\t<p><span style=\"font-weight: 400;\">Jos et l\u00f6yd\u00e4 t\u00e4st\u00e4 suoraan tarvitsemaasi tietoa, laita meille viesti\u00e4 s\u00e4hk\u00f6postise (<a href=\"https:\/\/sanaraja.fi\/index.php\/me\/ota-yhteytta\/\">\ud83d\udce7<\/a>) tai varaa kalenterista (<a href=\"#puolituntinen\">\ud83d\udcc6<\/a>) aika 30 min. et\u00e4tapaamiselle. Kerromme mielell\u00e4mme tarkemmin mik\u00e4 on tarjoomamme sek\u00e4 miksi sinun kannattaa ostaa kielipalvelusi meilt\u00e4.<\/span><\/p><p><strong>Tulkkaus<\/strong><\/p><p><span style=\"font-weight: 400;\"><a href=\"https:\/\/sanaraja.fi\/index.php\/palvelut\/tulkkaus\/\">Fasilitointitulkkaus<\/a> 980 \u20ac + alv.\/pv\/tulkki<\/span> <span style=\"font-weight: 400;\">(ty\u00f6p\u00e4iv\u00e4 9\u201317)<\/span><\/p><p><span style=\"font-weight: 400;\"><a href=\"https:\/\/sanaraja.fi\/index.php\/palvelut\/tulkkaus\/\">Muut tulkkauspalvelut<\/a> sopimuksen mukaan tuntihinnoittelulla \u2013 <a href=\"https:\/\/sanaraja.fi\/index.php\/me\/ota-yhteytta\/\">pyyd\u00e4 tarjous<\/a>!<\/span><\/p><p><span style=\"font-weight: 400;\">Huom. Noudatamme <a href=\"https:\/\/www.sktl.fi\/@Bin\/33666\/tulkin+ammattis%C3%A4%C3%A4nn%C3%B6st%C3%B6.pdf\">SKTL:n tulkkien ammattis\u00e4\u00e4nn\u00f6st\u00f6\u00e4<\/a>, joten huomioithan rajoitteet esimerkiksi tulkkien m\u00e4\u00e4r\u00e4ss\u00e4 ja ty\u00f6oloissa.\u00a0<\/span><\/p>\t\t\t\t\t\t\t\t<\/div>\n\t\t\t\t<\/div>\n\t\t\t\t\t<\/div>\n\t\t<\/div>\n\t\t\t\t<div class=\"elementor-column elementor-col-50 elementor-top-column elementor-element elementor-element-b0c233f\" data-id=\"b0c233f\" data-element_type=\"column\" data-e-type=\"column\">\n\t\t\t<div class=\"elementor-widget-wrap elementor-element-populated\">\n\t\t\t\t\t\t<div class=\"elementor-element elementor-element-a9a639c elementor-widget elementor-widget-text-editor\" data-id=\"a9a639c\" data-element_type=\"widget\" data-e-type=\"widget\" data-widget_type=\"text-editor.default\">\n\t\t\t\t<div class=\"elementor-widget-container\">\n\t\t\t\t\t\t\t\t\t<p><strong>Kalenterointi<\/strong>:<\/p><p><a href=\"#puolituntinen\"><span style=\"font-weight: 400;\">Keskusteluhetki asiantuntijan kanssa (30 min)<\/span><\/a><\/p><p><a href=\"#ty\u00f6p\u00e4iv\u00e4\"><span style=\"font-weight: 400;\">Ty\u00f6p\u00e4iv\u00e4n varaus <br \/>&#8211; k\u00e4\u00e4nn\u00f6sty\u00f6 (8 h)<\/span><\/a><\/p>\t\t\t\t\t\t\t\t<\/div>\n\t\t\t\t<\/div>\n\t\t\t\t\t<\/div>\n\t\t<\/div>\n\t\t\t\t\t<\/div>\n\t\t<\/section>\n\t\t\t\t<section class=\"elementor-section elementor-top-section elementor-element elementor-element-4515fcc elementor-section-boxed elementor-section-height-default elementor-section-height-default\" data-id=\"4515fcc\" data-element_type=\"section\" data-e-type=\"section\">\n\t\t\t\t\t\t<div class=\"elementor-container elementor-column-gap-default\">\n\t\t\t\t\t<div class=\"elementor-column elementor-col-100 elementor-top-column elementor-element elementor-element-63ec769\" data-id=\"63ec769\" data-element_type=\"column\" data-e-type=\"column\">\n\t\t\t<div class=\"elementor-widget-wrap elementor-element-populated\">\n\t\t\t\t\t\t<div class=\"elementor-element elementor-element-5c91f87 elementor-widget elementor-widget-text-editor\" data-id=\"5c91f87\" data-element_type=\"widget\" data-e-type=\"widget\" data-widget_type=\"text-editor.default\">\n\t\t\t\t<div class=\"elementor-widget-container\">\n\t\t\t\t\t\t\t\t\t<p><strong>K\u00e4\u00e4nn\u00f6sty\u00f6t<\/strong><\/p><p>Teemme k\u00e4\u00e4nn\u00f6ksi\u00e4 englannista, saksasta ja ranskasta suomeen sek\u00e4 suomesta englantiin.<\/p><p>K\u00e4\u00e4nn\u00f6kset laskutetaan k\u00e4\u00e4nn\u00f6ssivuhinnalla. <span style=\"font-weight: 400;\">K\u00e4\u00e4nn\u00f6ssivu on laskennallinen veloitusyksikk\u00f6 ja sen pituus on Suomessa 1560 merkkipaikkaa v\u00e4lily\u00f6nteineen. Yhden k\u00e4\u00e4nn\u00f6ssivun hinta on 70 \u20ac + alv.<\/span><\/p><p>Tarpeesi mukaan voit ottaa meihin yhteytt\u00e4 s\u00e4hk\u00f6postitse (<a href=\"https:\/\/sanaraja.fi\/index.php\/me\/ota-yhteytta\/\"><span style=\"font-weight: 400;\">\ud83d\udce7<\/span><\/a>), varata kanssamme maksuttoman 30 minuutin tapaamisen (<span style=\"font-weight: 400;\"><a href=\"#puolituntinen\">\ud83d\udcc6<\/a><\/span>) tai kalenteroida itsellesi saman tien p\u00e4iv\u00e4n, jolloin toteutamme k\u00e4\u00e4nn\u00f6ksesi.\u00a0<\/p><p><b><a href=\"#ty\u00f6p\u00e4iv\u00e4\">Kalenteroitavat ty\u00f6p\u00e4iv\u00e4paketit<\/a>:<\/b><\/p><ul><li><span style=\"font-weight: 400;\">Punainen:<\/span><ul><li><span style=\"font-weight: 400;\">max. 5 k\u00e4\u00e4nn\u00f6ssivua englanti-suomi<\/span> <span style=\"font-weight: 400;\">300 \u20ac + alv.<\/span><\/li><\/ul><\/li><li><span style=\"font-weight: 400;\">Musta:<\/span><ul><li><span style=\"font-weight: 400;\">max. 4 k\u00e4\u00e4nn\u00f6ssivua suomi-englanti tai saksa\/ranska-suomi<\/span> <span style=\"font-weight: 400;\">240 \u20ac + alv.<\/span><\/li><\/ul><\/li><\/ul><p><span style=\"font-weight: 400;\">Lis\u00e4sivu ty\u00f6p\u00e4iv\u00e4pakettiin on 60 \u20ac + alv. ja k\u00e4\u00e4nn\u00f6s toimitetaan viimeist\u00e4\u00e4n varausp\u00e4iv\u00e4\u00e4 seuraavana p\u00e4iv\u00e4n\u00e4 klo 9.00.<\/span><\/p><p><span style=\"font-weight: 400;\">\u00a0<\/span><\/p>\t\t\t\t\t\t\t\t<\/div>\n\t\t\t\t<\/div>\n\t\t\t\t\t<\/div>\n\t\t<\/div>\n\t\t\t\t\t<\/div>\n\t\t<\/section>\n\t\t\t\t<section class=\"elementor-section elementor-top-section elementor-element elementor-element-6d792a7 elementor-section-boxed elementor-section-height-default elementor-section-height-default\" data-id=\"6d792a7\" data-element_type=\"section\" data-e-type=\"section\">\n\t\t\t\t\t\t<div class=\"elementor-container elementor-column-gap-default\">\n\t\t\t\t\t<div class=\"elementor-column elementor-col-100 elementor-top-column elementor-element elementor-element-56bf3ed\" data-id=\"56bf3ed\" data-element_type=\"column\" data-e-type=\"column\">\n\t\t\t<div class=\"elementor-widget-wrap elementor-element-populated\">\n\t\t\t\t\t\t<div class=\"elementor-element elementor-element-ce1deab elementor-widget elementor-widget-text-editor\" data-id=\"ce1deab\" data-element_type=\"widget\" data-e-type=\"widget\" data-widget_type=\"text-editor.default\">\n\t\t\t\t<div class=\"elementor-widget-container\">\n\t\t\t\t\t\t\t\t\t<p><strong>Arvioitu hinnoittelu tekstin laadun parantamiseen:<\/strong><\/p><ul><li><span style=\"font-weight: 400;\">Oikoluku<\/span><span style=\"font-weight: 400;\">\u00a0<\/span><span style=\"font-weight: 400;\">30 \u20ac \/ h\u00a0+ alv., ty\u00f6tahti n. 10 sivua \/ h<\/span><\/li><li><span style=\"font-weight: 400;\">Kielentarkistus<\/span>\u00a0<span style=\"font-weight: 400;\">40 \u20ac \/ h\u00a0+ alv., ty\u00f6tahti n. 200 sanaa \/ h<\/span><\/li><li><span style=\"font-weight: 400;\">Kielenhuolto<\/span> <span style=\"font-weight: 400;\">50 \u20ac \/ h\u00a0+ alv., ty\u00f6tahti vaihtelee l\u00e4ht\u00f6tekstin laadun mukaan<\/span><\/li><\/ul><div>\u00a0<\/div><p><strong>J\u00e4lkieditointi \/ MTPE<\/strong><\/p><p><span style=\"font-weight: 400;\">Jos sinulla on tarve j\u00e4lkieditoinnille (<a href=\"https:\/\/sanaraja.fi\/index.php\/palvelut\/mtpe\/\">MTPE<\/a>), ole meihin yhteydess\u00e4 <a href=\"https:\/\/sanaraja.fi\/index.php\/me\/ota-yhteytta\/\">s\u00e4hk\u00f6postitse (\ud83d\udce7)<\/a> tai varaa aika maksuttomaan <a href=\"#puolituntinen\">30 minuutin tapaamisen (\ud83d\udcc6)<\/a>, jossa voimme tarkemmin keskustella MTPE-tarpeestasi sek\u00e4 hinnoittelusta.\u00a0<\/span><\/p><p><span style=\"font-weight: 400;\">\u00a0<\/span><\/p>\t\t\t\t\t\t\t\t<\/div>\n\t\t\t\t<\/div>\n\t\t\t\t\t<\/div>\n\t\t<\/div>\n\t\t\t\t\t<\/div>\n\t\t<\/section>\n\t\t\t\t<section class=\"elementor-section elementor-top-section elementor-element elementor-element-44ff536 elementor-section-boxed elementor-section-height-default elementor-section-height-default\" data-id=\"44ff536\" data-element_type=\"section\" data-e-type=\"section\">\n\t\t\t\t\t\t<div class=\"elementor-container elementor-column-gap-default\">\n\t\t\t\t\t<div class=\"elementor-column elementor-col-100 elementor-top-column elementor-element elementor-element-bcc9bfa\" data-id=\"bcc9bfa\" data-element_type=\"column\" data-e-type=\"column\">\n\t\t\t<div class=\"elementor-widget-wrap elementor-element-populated\">\n\t\t\t\t\t\t<div class=\"elementor-element elementor-element-290eda6 elementor-widget elementor-widget-heading\" data-id=\"290eda6\" data-element_type=\"widget\" data-e-type=\"widget\" data-widget_type=\"heading.default\">\n\t\t\t\t<div class=\"elementor-widget-container\">\n\t\t\t\t\t<h2 class=\"elementor-heading-title elementor-size-default\">Kalenterointi<\/h2>\t\t\t\t<\/div>\n\t\t\t\t<\/div>\n\t\t\t\t\t<\/div>\n\t\t<\/div>\n\t\t\t\t\t<\/div>\n\t\t<\/section>\n\t\t\t\t<section class=\"elementor-section elementor-top-section elementor-element elementor-element-205c931 elementor-section-boxed elementor-section-height-default elementor-section-height-default\" data-id=\"205c931\" data-element_type=\"section\" data-e-type=\"section\">\n\t\t\t\t\t\t<div class=\"elementor-container elementor-column-gap-default\">\n\t\t\t\t\t<div class=\"elementor-column elementor-col-100 elementor-top-column elementor-element elementor-element-d9dfd60\" data-id=\"d9dfd60\" data-element_type=\"column\" data-e-type=\"column\">\n\t\t\t<div class=\"elementor-widget-wrap elementor-element-populated\">\n\t\t\t\t\t\t<div class=\"elementor-element elementor-element-41e22d6 elementor-widget elementor-widget-text-editor\" data-id=\"41e22d6\" data-element_type=\"widget\" data-e-type=\"widget\" id=\"puolituntinen\" data-widget_type=\"text-editor.default\">\n\t\t\t\t<div class=\"elementor-widget-container\">\n\t\t\t\t\t\t\t\t\t<p><strong>Varaa 30 minuutin tapaaminen<\/strong>: <a href=\"https:\/\/outlook.office.com\/bookwithme\/user\/7fc20454dbe34c05917f23b3ecec8825@SanarajaOy.onmicrosoft.com\/meetingtype\/donHBPvSpUaKOKoY0W507A2?anonymous&amp;ep=mlink\">Keskusteluhetki asiantuntijan kanssa<\/a><\/p><p>Maksuttomassa 30 minuutin tapaamisessa voit kysy\u00e4 tarkemmin omista tulkkaus- tai k\u00e4\u00e4nn\u00f6starpeistasi ja niiden vaatimuksista, aikataulusta ja hinnoittelusta.\u00a0<\/p>\t\t\t\t\t\t\t\t<\/div>\n\t\t\t\t<\/div>\n\t\t\t\t\t<\/div>\n\t\t<\/div>\n\t\t\t\t\t<\/div>\n\t\t<\/section>\n\t\t\t\t<section class=\"elementor-section elementor-top-section elementor-element elementor-element-5950e02 elementor-section-boxed elementor-section-height-default elementor-section-height-default\" data-id=\"5950e02\" data-element_type=\"section\" data-e-type=\"section\">\n\t\t\t\t\t\t<div class=\"elementor-container elementor-column-gap-default\">\n\t\t\t\t\t<div class=\"elementor-column elementor-col-100 elementor-top-column elementor-element elementor-element-054155d\" data-id=\"054155d\" data-element_type=\"column\" data-e-type=\"column\">\n\t\t\t<div class=\"elementor-widget-wrap elementor-element-populated\">\n\t\t\t\t\t\t<div class=\"elementor-element elementor-element-a9e4132 elementor-widget elementor-widget-text-editor\" data-id=\"a9e4132\" data-element_type=\"widget\" data-e-type=\"widget\" id=\"alv\" data-widget_type=\"text-editor.default\">\n\t\t\t\t<div class=\"elementor-widget-container\">\n\t\t\t\t\t\t\t\t\t<p><em>Yleinen arvonlis\u00e4verokanta on 25,5 % 1.9.2024 alkaen.<\/em><\/p>\t\t\t\t\t\t\t\t<\/div>\n\t\t\t\t<\/div>\n\t\t\t\t\t<\/div>\n\t\t<\/div>\n\t\t\t\t\t<\/div>\n\t\t<\/section>\n\t\t\t\t<section class=\"elementor-section elementor-top-section elementor-element elementor-element-8e98d5a elementor-section-boxed elementor-section-height-default elementor-section-height-default\" data-id=\"8e98d5a\" data-element_type=\"section\" data-e-type=\"section\">\n\t\t\t\t\t\t<div class=\"elementor-container elementor-column-gap-default\">\n\t\t\t\t\t<div class=\"elementor-column elementor-col-100 elementor-top-column elementor-element elementor-element-59c22fd\" data-id=\"59c22fd\" data-element_type=\"column\" data-e-type=\"column\">\n\t\t\t<div class=\"elementor-widget-wrap elementor-element-populated\">\n\t\t\t\t\t\t<div class=\"elementor-element elementor-element-354debb elementor-widget elementor-widget-image\" data-id=\"354debb\" data-element_type=\"widget\" data-e-type=\"widget\" data-widget_type=\"image.default\">\n\t\t\t\t<div class=\"elementor-widget-container\">\n\t\t\t\t\t\t\t\t\t\t\t\t\t\t\t<img decoding=\"async\" src=\"https:\/\/sanaraja.fi\/wp-content\/uploads\/elementor\/thumbs\/Banneri-kadet-scaled-qufn230w23mvci9xtifkvq9tjbbhv969jwwgwizzpk.jpg\" title=\"Banneri k\u00e4det\" alt=\"Banneri k\u00e4det\" loading=\"lazy\" \/>\t\t\t\t\t\t\t\t\t\t\t\t\t\t\t<\/div>\n\t\t\t\t<\/div>\n\t\t\t\t\t<\/div>\n\t\t<\/div>\n\t\t\t\t\t<\/div>\n\t\t<\/section>\n\t\t\t\t<\/div>\n\t\t","protected":false},"excerpt":{"rendered":"<p>Hinnasto Jos et l\u00f6yd\u00e4 t\u00e4st\u00e4 suoraan tarvitsemaasi tietoa, laita meille viesti\u00e4 s\u00e4hk\u00f6postise (\ud83d\udce7) tai varaa kalenterista (\ud83d\udcc6) aika 30 min. et\u00e4tapaamiselle. Kerromme mielell\u00e4mme tarkemmin mik\u00e4 on tarjoomamme sek\u00e4 miksi sinun kannattaa ostaa kielipalvelusi meilt\u00e4. Tulkkaus Fasilitointitulkkaus 980 \u20ac + alv.\/pv\/tulkki (ty\u00f6p\u00e4iv\u00e4 9\u201317) Muut tulkkauspalvelut sopimuksen mukaan tuntihinnoittelulla \u2013 pyyd\u00e4 tarjous! Huom. Noudatamme SKTL:n tulkkien ammattis\u00e4\u00e4nn\u00f6st\u00f6\u00e4, [&hellip;]<\/p>\n","protected":false},"author":1,"featured_media":0,"parent":0,"menu_order":3,"comment_status":"closed","ping_status":"closed","template":"","meta":{"site-sidebar-layout":"no-sidebar","site-content-layout":"page-builder","ast-site-content-layout":"full-width-container","site-content-style":"unboxed","site-sidebar-style":"unboxed","ast-global-header-display":"","ast-banner-title-visibility":"","ast-main-header-display":"","ast-hfb-above-header-display":"","ast-hfb-below-header-display":"","ast-hfb-mobile-header-display":"","site-post-title":"","ast-breadcrumbs-content":"","ast-featured-img":"disabled","footer-sml-layout":"","theme-transparent-header-meta":"","adv-header-id-meta":"","stick-header-meta":"","header-above-stick-meta":"","header-main-stick-meta":"","header-below-stick-meta":"","astra-migrate-meta-layouts":"set","ast-page-background-enabled":"default","ast-page-background-meta":{"desktop":{"background-color":"var(--ast-global-color-4)","background-image":"","background-repeat":"repeat","background-position":"center center","background-size":"auto","background-attachment":"scroll","background-type":"","background-media":"","overlay-type":"","overlay-color":"","overlay-opacity":"","overlay-gradient":""},"tablet":{"background-color":"","background-image":"","background-repeat":"repeat","background-position":"center center","background-size":"auto","background-attachment":"scroll","background-type":"","background-media":"","overlay-type":"","overlay-color":"","overlay-opacity":"","overlay-gradient":""},"mobile":{"background-color":"","background-image":"","background-repeat":"repeat","background-position":"center center","background-size":"auto","background-attachment":"scroll","background-type":"","background-media":"","overlay-type":"","overlay-color":"","overlay-opacity":"","overlay-gradient":""}},"ast-content-background-meta":{"desktop":{"background-color":"var(--ast-global-color-5)","background-image":"","background-repeat":"repeat","background-position":"center center","background-size":"auto","background-attachment":"scroll","background-type":"","background-media":"","overlay-type":"","overlay-color":"","overlay-opacity":"","overlay-gradient":""},"tablet":{"background-color":"var(--ast-global-color-5)","background-image":"","background-repeat":"repeat","background-position":"center center","background-size":"auto","background-attachment":"scroll","background-type":"","background-media":"","overlay-type":"","overlay-color":"","overlay-opacity":"","overlay-gradient":""},"mobile":{"background-color":"var(--ast-global-color-5)","background-image":"","background-repeat":"repeat","background-position":"center center","background-size":"auto","background-attachment":"scroll","background-type":"","background-media":"","overlay-type":"","overlay-color":"","overlay-opacity":"","overlay-gradient":""}},"footnotes":""},"class_list":["post-56","page","type-page","status-publish","hentry"],"_links":{"self":[{"href":"https:\/\/sanaraja.fi\/index.php\/wp-json\/wp\/v2\/pages\/56","targetHints":{"allow":["GET"]}}],"collection":[{"href":"https:\/\/sanaraja.fi\/index.php\/wp-json\/wp\/v2\/pages"}],"about":[{"href":"https:\/\/sanaraja.fi\/index.php\/wp-json\/wp\/v2\/types\/page"}],"author":[{"embeddable":true,"href":"https:\/\/sanaraja.fi\/index.php\/wp-json\/wp\/v2\/users\/1"}],"replies":[{"embeddable":true,"href":"https:\/\/sanaraja.fi\/index.php\/wp-json\/wp\/v2\/comments?post=56"}],"version-history":[{"count":87,"href":"https:\/\/sanaraja.fi\/index.php\/wp-json\/wp\/v2\/pages\/56\/revisions"}],"predecessor-version":[{"id":1701,"href":"https:\/\/sanaraja.fi\/index.php\/wp-json\/wp\/v2\/pages\/56\/revisions\/1701"}],"wp:attachment":[{"href":"https:\/\/sanaraja.fi\/index.php\/wp-json\/wp\/v2\/media?parent=56"}],"curies":[{"name":"wp","href":"https:\/\/api.w.org\/{rel}","templated":true}]}}