{"id":57,"date":"2023-08-30T12:50:46","date_gmt":"2023-08-30T12:50:46","guid":{"rendered":"https:\/\/sanaraja.fi\/?page_id=57"},"modified":"2025-09-29T11:38:01","modified_gmt":"2025-09-29T11:38:01","slug":"me","status":"publish","type":"page","link":"https:\/\/sanaraja.fi\/index.php\/me\/","title":{"rendered":"Meist\u00e4"},"content":{"rendered":"\t\t<div data-elementor-type=\"wp-page\" data-elementor-id=\"57\" class=\"elementor elementor-57\">\n\t\t\t\t\t\t<section class=\"elementor-section elementor-top-section elementor-element elementor-element-df8fdcf elementor-section-boxed elementor-section-height-default elementor-section-height-default\" data-id=\"df8fdcf\" data-element_type=\"section\" data-e-type=\"section\">\n\t\t\t\t\t\t<div class=\"elementor-container elementor-column-gap-default\">\n\t\t\t\t\t<div class=\"elementor-column elementor-col-100 elementor-top-column elementor-element elementor-element-0309557\" data-id=\"0309557\" data-element_type=\"column\" data-e-type=\"column\">\n\t\t\t<div class=\"elementor-widget-wrap elementor-element-populated\">\n\t\t\t\t\t\t<div class=\"elementor-element elementor-element-72c5de5 elementor-widget elementor-widget-text-editor\" data-id=\"72c5de5\" data-element_type=\"widget\" data-e-type=\"widget\" data-widget_type=\"text-editor.default\">\n\t\t\t\t<div class=\"elementor-widget-container\">\n\t\t\t\t\t\t\t\t\t<p><strong>Tulkkaus-, k\u00e4\u00e4nn\u00f6s- ja kielipalvelut Tampereen suunnalta etel\u00e4karjalaisella asenteella!<\/strong><\/p>\t\t\t\t\t\t\t\t<\/div>\n\t\t\t\t<\/div>\n\t\t\t\t\t<\/div>\n\t\t<\/div>\n\t\t\t\t\t<\/div>\n\t\t<\/section>\n\t\t\t\t<section class=\"elementor-section elementor-top-section elementor-element elementor-element-42a7001 elementor-section-boxed elementor-section-height-default elementor-section-height-default\" data-id=\"42a7001\" data-element_type=\"section\" data-e-type=\"section\">\n\t\t\t\t\t\t<div class=\"elementor-container elementor-column-gap-default\">\n\t\t\t\t\t<div class=\"elementor-column elementor-col-100 elementor-top-column elementor-element elementor-element-616aa23\" data-id=\"616aa23\" data-element_type=\"column\" data-e-type=\"column\">\n\t\t\t<div class=\"elementor-widget-wrap elementor-element-populated\">\n\t\t\t\t\t\t<div class=\"elementor-element elementor-element-4baabe5 elementor-widget elementor-widget-image\" data-id=\"4baabe5\" data-element_type=\"widget\" data-e-type=\"widget\" data-widget_type=\"image.default\">\n\t\t\t\t<div class=\"elementor-widget-container\">\n\t\t\t\t\t\t\t\t\t\t\t\t\t\t\t<img decoding=\"async\" src=\"https:\/\/sanaraja.fi\/wp-content\/uploads\/elementor\/thumbs\/Tampere-9-putous3_PS_edited-1-2-qufmqyln68md1t4hd9xbn1orvc323xpd6vljtkga4o.jpg\" title=\"Tampere 9 &#8211; putous3_PS_edited-1\" alt=\"Tampere 9 - putous3_PS_edited-1\" loading=\"lazy\" \/>\t\t\t\t\t\t\t\t\t\t\t\t\t\t\t<\/div>\n\t\t\t\t<\/div>\n\t\t\t\t\t<\/div>\n\t\t<\/div>\n\t\t\t\t\t<\/div>\n\t\t<\/section>\n\t\t\t\t<section class=\"elementor-section elementor-top-section elementor-element elementor-element-c4e5a73 elementor-section-boxed elementor-section-height-default elementor-section-height-default\" data-id=\"c4e5a73\" data-element_type=\"section\" data-e-type=\"section\">\n\t\t\t\t\t\t<div class=\"elementor-container elementor-column-gap-default\">\n\t\t\t\t\t<div class=\"elementor-column elementor-col-100 elementor-top-column elementor-element elementor-element-58fec2d\" data-id=\"58fec2d\" data-element_type=\"column\" data-e-type=\"column\">\n\t\t\t<div class=\"elementor-widget-wrap elementor-element-populated\">\n\t\t\t\t\t\t<div class=\"elementor-element elementor-element-3fb53a8 elementor-widget elementor-widget-text-editor\" data-id=\"3fb53a8\" data-element_type=\"widget\" data-e-type=\"widget\" data-widget_type=\"text-editor.default\">\n\t\t\t\t<div class=\"elementor-widget-container\">\n\t\t\t\t\t\t\t\t\t<p><span style=\"font-weight: 400;\">Sanaraja Oy:n takana on kaksi toisiinsa yliopistossa tutustunutta etel\u00e4karjalaista naista. Karjalaiseen tapaan sanataiturointi on meill\u00e4 veriss\u00e4. Hoidamme toimeksiannot asiaankuuluvalla reippaudella, joka on asenteemme ytimess\u00e4. Emme kuitenkaan tee ty\u00f6t\u00e4mme vain laulellen, vaan toteutamme jokaisen toimeksiannon huolella.\u00a0 Ammattimainen k\u00e4\u00e4nn\u00f6sj\u00e4lkemme on laatua parhaimmillaan ja ammattitaitoa olemme kartuttaneet paitsi It\u00e4-Suomen yliopistossa suoritettujen opintojen aikana, my\u00f6s ty\u00f6el\u00e4m\u00e4ss\u00e4 ennen ja j\u00e4lkeen oman yrityksen perustamisen.<\/span><\/p>\n<p><span style=\"font-weight: 400;\">Kieli on kaunis ja el\u00e4v\u00e4inen kokonaisuus, jonka monimuotoista ilmaisuvoimaa tulisi meid\u00e4n mielest\u00e4mme juhlistaa. K\u00e4\u00e4nt\u00e4minen ei ole pelk\u00e4st\u00e4\u00e4n sanojen muuttamista kielest\u00e4 toiseen ennalta m\u00e4\u00e4r\u00e4ttyjen kaavojen mukaisesti. Meid\u00e4n mielest\u00e4mme k\u00e4\u00e4nn\u00f6salaan ei tarvitse liitt\u00e4\u00e4 liiallista vakavuutta, vaan antaa tilaa jokaisen omalle ilmaisulle! Tavoitteisiimme kuuluukin k\u00e4\u00e4nn\u00f6salaan ja kieleen liittyvien seikkojen tunnettuuden edist\u00e4minen.\u00a0<\/span><\/p>\n<p><span style=\"font-weight: 400;\">Meid\u00e4n teht\u00e4v\u00e4mme monikielisen viestinn\u00e4n mahdollistajana on k\u00e4ytt\u00e4\u00e4 sanojamme ja \u201cvied\u00e4 viesti rajan yli\u201d, mihin viitataan my\u00f6s yrityksemme nimess\u00e4. \u201cRaja\u201d yrityksen nimess\u00e4 \u201cSanaraja\u201d ei siis viittaa mink\u00e4\u00e4nlaiseen esteeseen, vaan rajapintaan, jollainen muodostuu kielten ja kulttuurien v\u00e4lisess\u00e4 kosketuksessa.<\/span><\/p>\t\t\t\t\t\t\t\t<\/div>\n\t\t\t\t<\/div>\n\t\t\t\t\t<\/div>\n\t\t<\/div>\n\t\t\t\t\t<\/div>\n\t\t<\/section>\n\t\t\t\t<section class=\"elementor-section elementor-top-section elementor-element elementor-element-ac05447 elementor-section-boxed elementor-section-height-default elementor-section-height-default\" data-id=\"ac05447\" data-element_type=\"section\" data-e-type=\"section\">\n\t\t\t\t\t\t<div class=\"elementor-container elementor-column-gap-default\">\n\t\t\t\t\t<div class=\"elementor-column elementor-col-100 elementor-top-column elementor-element elementor-element-c9f56f9\" data-id=\"c9f56f9\" data-element_type=\"column\" data-e-type=\"column\">\n\t\t\t<div class=\"elementor-widget-wrap elementor-element-populated\">\n\t\t\t\t\t\t<div class=\"elementor-element elementor-element-5789ab3 elementor-widget elementor-widget-image\" data-id=\"5789ab3\" data-element_type=\"widget\" data-e-type=\"widget\" data-widget_type=\"image.default\">\n\t\t\t\t<div class=\"elementor-widget-container\">\n\t\t\t\t\t\t\t\t\t\t\t\t\t\t\t<img decoding=\"async\" src=\"https:\/\/sanaraja.fi\/wp-content\/uploads\/elementor\/thumbs\/Imatra_PS-2-qufmr56ii2vdb2uxaurpmi10116mltfhjs5y6i6ix4.jpg\" title=\"Imatra_PS\" alt=\"Imatra_PS\" loading=\"lazy\" \/>\t\t\t\t\t\t\t\t\t\t\t\t\t\t\t<\/div>\n\t\t\t\t<\/div>\n\t\t\t\t\t<\/div>\n\t\t<\/div>\n\t\t\t\t\t<\/div>\n\t\t<\/section>\n\t\t\t\t<section class=\"elementor-section elementor-top-section elementor-element elementor-element-2b31ad5c elementor-section-boxed elementor-section-height-default elementor-section-height-default\" data-id=\"2b31ad5c\" data-element_type=\"section\" data-e-type=\"section\">\n\t\t\t\t\t\t<div class=\"elementor-container elementor-column-gap-default\">\n\t\t\t\t\t<div class=\"elementor-column elementor-col-100 elementor-top-column elementor-element elementor-element-316cdabf\" data-id=\"316cdabf\" data-element_type=\"column\" data-e-type=\"column\">\n\t\t\t<div class=\"elementor-widget-wrap elementor-element-populated\">\n\t\t\t\t\t\t<div class=\"elementor-element elementor-element-15a29fcc elementor-widget elementor-widget-text-editor\" data-id=\"15a29fcc\" data-element_type=\"widget\" data-e-type=\"widget\" data-widget_type=\"text-editor.default\">\n\t\t\t\t<div class=\"elementor-widget-container\">\n\t\t\t\t\t\t\t\t\t<p><strong>Asta<\/strong><\/p>\n<p><span style=\"font-weight: 400;\">Monikielinen viestint\u00e4 on alkanut Astalla jo ala-asteella saksan kielell\u00e4. <img fetchpriority=\"high\" decoding=\"async\" class=\"alignright wp-image-1569 size-medium\" src=\"https:\/\/sanaraja.fi\/wp-content\/uploads\/2025\/09\/IMG_5410-1-scaled-e1758624837270-270x300.jpg\" alt=\"\" width=\"270\" height=\"300\" srcset=\"https:\/\/sanaraja.fi\/wp-content\/uploads\/2025\/09\/IMG_5410-1-scaled-e1758624837270-270x300.jpg 270w, https:\/\/sanaraja.fi\/wp-content\/uploads\/2025\/09\/IMG_5410-1-scaled-e1758624837270-923x1024.jpg 923w, https:\/\/sanaraja.fi\/wp-content\/uploads\/2025\/09\/IMG_5410-1-scaled-e1758624837270-768x852.jpg 768w, https:\/\/sanaraja.fi\/wp-content\/uploads\/2025\/09\/IMG_5410-1-scaled-e1758624837270-1385x1536.jpg 1385w, https:\/\/sanaraja.fi\/wp-content\/uploads\/2025\/09\/IMG_5410-1-scaled-e1758624837270-1846x2048.jpg 1846w, https:\/\/sanaraja.fi\/wp-content\/uploads\/2025\/09\/IMG_5410-1-scaled-e1758624837270.jpg 1920w\" sizes=\"(max-width: 270px) 100vw, 270px\" \/><\/span><span style=\"font-weight: 400;\">Kielten opiskelu ja erilaiset kulttuur<\/span><span style=\"font-weight: 400;\">it ovat tulleet tutuiksi monen kielen kautta, mutta erityisesti englannin kieli on vienyt mukanaan. Englannin kielell\u00e4 Asta on suorittanut ensin restonomin tutkinnon (Bachelor of Hospitality Management) ja my\u00f6hemmin maisterin tutkinnon It\u00e4-Suomen yliopistossa (Master of Arts).&nbsp;<\/span><\/p>\n<p><span style=\"font-weight: 400;\">Yliopiston aikana Astan sivuaineina olivat k\u00e4\u00e4nt\u00e4minen ja suomen kieli, sek\u00e4 lis\u00e4ksi saksan kieli, japanin kieli ja kulttuuri sek\u00e4 tulkkaus. Pro gradu -tutkielman Asta kirjoitti konek\u00e4\u00e4nt\u00e4misen historiasta, nykyhetkest\u00e4 ja tulevaisuudenn\u00e4kymist\u00e4. Teko\u00e4ly ja konek\u00e4\u00e4nt\u00e4minen ovat kasvavissa m\u00e4\u00e4rin osa k\u00e4\u00e4nt\u00e4j\u00e4n arkea ja sen ymm\u00e4rt\u00e4minen on t\u00e4rke\u00e4\u00e4. Teko\u00e4ly kun on kuitenkin tulevaisuuden ty\u00f6kalu.<\/span><\/p>\n<p><span style=\"font-weight: 400;\">Matkustaminen, kielet ja kulttuurit ovat l\u00e4hell\u00e4 syd\u00e4nt\u00e4 eik\u00e4 toisten kulttuurien toimintatavoista voi koskaan tiet\u00e4\u00e4 liikaa. Asta onkin hy\u00f6dynt\u00e4nyt opiskelujen aikana mahdollisuudet p\u00e4\u00e4st\u00e4 vaihto-opiskeluun ja ulkomaan ty\u00f6harjoitteluihin. Matkat suuntautuivat Taiwaniin, Japaniin, Ven\u00e4j\u00e4lle ja Iso-Britanniaan.<\/span><\/p>\n<p><span style=\"font-weight: 400;\">Tulkkauksessa Astan teht\u00e4vi\u00e4 ovat olleet mm. koulutustulkkaus, asioimistulkkaus et\u00e4n\u00e4 julkishallinnolle, akateemisten aineiden konferenssitulkkaus (esim. nelip\u00e4iv\u00e4inen konferenssi Joensuussa) sek\u00e4 keskustelutilaisuuksien tulkkaus. H\u00e4nell\u00e4 on laaja tiet\u00e4mys ja ammattitaito eri aloihin perehtymisest\u00e4 sek\u00e4 niiden tulkkauksesta. My\u00f6s monipuolinen osaaminen k\u00e4\u00e4nn\u00f6ksiss\u00e4 ja erilaisissa editointit\u00f6iss\u00e4 koostuu useammalta eri alalta, kuten kulutuselektroniikan, politiikan, verkkokaupan ja ohjelmistojen saralta. Astan matkailualan koulutus sek\u00e4 ravintola-alan ty\u00f6kokemus n. 17 vuodelta tarjoavat my\u00f6s erinomaisen mahdollisuuden tarjota laadukasta kielipalvelua n\u00e4iden erikoisalojen asiakkaille.<\/span><\/p>\n<p><span style=\"font-weight: 400;\">Sanaraja Oy<br><\/span><span style=\"font-weight: 400;\">Asta Munnukka<br><\/span><span style=\"font-weight: 400;\">asta(at)sanaraja.fi<\/span><\/p><p><span style=\"font-weight: 400;\"><br><\/span><\/p>\n<p><!-- \/wp:paragraph --><!-- wp:paragraph --><!-- \/wp:paragraph --><\/p>\t\t\t\t\t\t\t\t<\/div>\n\t\t\t\t<\/div>\n\t\t\t\t\t<\/div>\n\t\t<\/div>\n\t\t\t\t\t<\/div>\n\t\t<\/section>\n\t\t\t\t<section class=\"elementor-section elementor-top-section elementor-element elementor-element-0ce5ce4 elementor-section-boxed elementor-section-height-default elementor-section-height-default\" data-id=\"0ce5ce4\" data-element_type=\"section\" data-e-type=\"section\">\n\t\t\t\t\t\t<div class=\"elementor-container elementor-column-gap-default\">\n\t\t\t\t\t<div class=\"elementor-column elementor-col-100 elementor-top-column elementor-element elementor-element-6e4b362\" data-id=\"6e4b362\" data-element_type=\"column\" data-e-type=\"column\">\n\t\t\t<div class=\"elementor-widget-wrap elementor-element-populated\">\n\t\t\t\t\t\t<div class=\"elementor-element elementor-element-bc0055d elementor-widget elementor-widget-text-editor\" data-id=\"bc0055d\" data-element_type=\"widget\" data-e-type=\"widget\" data-widget_type=\"text-editor.default\">\n\t\t\t\t<div class=\"elementor-widget-container\">\n\t\t\t\t\t\t\t\t\t<p><strong>Leenu<\/strong><\/p>\n<p><span style=\"font-weight: 400;\"><img decoding=\"async\" class=\"alignleft wp-image-1568 size-medium\" src=\"https:\/\/sanaraja.fi\/wp-content\/uploads\/2025\/09\/IMG_5440-1-scaled-e1758624896228-267x300.jpg\" alt=\"\" width=\"267\" height=\"300\" srcset=\"https:\/\/sanaraja.fi\/wp-content\/uploads\/2025\/09\/IMG_5440-1-scaled-e1758624896228-267x300.jpg 267w, https:\/\/sanaraja.fi\/wp-content\/uploads\/2025\/09\/IMG_5440-1-scaled-e1758624896228-910x1024.jpg 910w, https:\/\/sanaraja.fi\/wp-content\/uploads\/2025\/09\/IMG_5440-1-scaled-e1758624896228-768x864.jpg 768w, https:\/\/sanaraja.fi\/wp-content\/uploads\/2025\/09\/IMG_5440-1-scaled-e1758624896228-1365x1536.jpg 1365w, https:\/\/sanaraja.fi\/wp-content\/uploads\/2025\/09\/IMG_5440-1-scaled-e1758624896228-1820x2048.jpg 1820w, https:\/\/sanaraja.fi\/wp-content\/uploads\/2025\/09\/IMG_5440-1-scaled-e1758624896228.jpg 1920w\" sizes=\"(max-width: 267px) 100vw, 267px\" \/>Kielten osaaminen, monikielinen viestint\u00e4 ja kulttuurien kohtaaminen ovat aina olleet Leenulle t\u00e4rkeit\u00e4. Partioharrastus, vaihto-opiskelu Kanadassa ja ty\u00f6skentely Iso-Britanniassa ja Yhdysvalloissa ovat kerrytt\u00e4neet yst\u00e4v\u00e4piiri\u00e4 ymp\u00e4ri maailmaa. Kiinnostus juuri englannin kieleen ohjasi Leenun opiskelemaan It\u00e4-Suomen yliopistoon englannin kielt\u00e4 ja k\u00e4\u00e4nt\u00e4mist\u00e4, mutta jo ennen yliopisto-opiskelujaan Leenu on panostanut pitk\u00e4aikaiseen kieltenopiskeluun esimerkiksi Imatran yhteislukion IB-linjalla. Yliopistossa Leenu laajensi kansainv\u00e4list\u00e4 ja kirjallista osaamistaan sivuaineiden \u2013 tulkkaus, ranskan kieli, kirjallisuus, japanin kieli ja kulttuuri sek\u00e4 kansainv\u00e4listyminen \u2013 kautta.<\/span><\/p>\n<p><span style=\"font-weight: 400;\">Rakkauden k\u00e4\u00e4nt\u00e4miseen puolestaan her\u00e4tti aikoinaan suosikkikirjailija J. R. R. Tolkienin tuotanto, ja ensimm\u00e4iset \u201domat k\u00e4\u00e4nn\u00f6ksens\u00e4\u201d Leenu tuotti ala-asteella k\u00e4\u00e4nt\u00e4m\u00e4ll\u00e4 Taru sormusten herrasta -fanien tuottamia tekstej\u00e4 vanhan sanakirjan avulla kavereilleen luettavaksi. Rakkaus Tolkienin tuotantoon n\u00e4kyi k\u00e4\u00e4nn\u00f6salallakin pitk\u00e4lle aikuisuuteen \u2013 esimerkiksi pro gradu -tutkielmansa Leenu kirjoitti vertailemalla teoksen <\/span><i><span style=\"font-weight: 400;\">The Hobbit <\/span><\/i><span style=\"font-weight: 400;\">kahdessa suomenkielisess\u00e4 k\u00e4\u00e4nn\u00f6ksess\u00e4 k\u00e4ytettyj\u00e4 kulttuurisidonnaisia ilmaisuja. Luovana ihmisen\u00e4 Leenu kuvitteli viel\u00e4 opintojen alussa, ett\u00e4 h\u00e4nest\u00e4 tulisi kaunokirjallisuuden k\u00e4\u00e4nt\u00e4j\u00e4, mutta sivuaineopintojen my\u00f6t\u00e4 tulkkaus osoittautui yll\u00e4tt\u00e4en mielenkiintoiseksi aluevaltaukseksi.\u00a0<\/span><\/p>\n<p><span style=\"font-weight: 400;\">Tulkkauskokemusta Leenulle on kertynyt erityisesti julkishallinnon, l\u00e4\u00e4ketieteen ja yritysten henkil\u00f6st\u00f6hallinnon parissa. Puhelintulkkaus on Leenun osaamisen ytimess\u00e4, ja toimeksiannot ovat vaihdelleet haastattelutilanteista l\u00e4\u00e4ketieteen asioimistulkkaukseen. Yritysten kanssa tekem\u00e4st\u00e4\u00e4n ty\u00f6st\u00e4 Leenu on saanut erityist\u00e4 kiitosta tulkkauksen tarkasta sis\u00e4ll\u00f6st\u00e4, erinomaisesta muistista ja tehokkaasta muistiinpanojen k\u00e4yt\u00f6st\u00e4. N\u00e4iss\u00e4 tulkkauksissa on my\u00f6s n\u00e4kynyt eritt\u00e4in konkreettisesti se, kuinka t\u00e4rke\u00e4\u00e4 ty\u00f6t\u00e4 tulkki tekee siin\u00e4, ett\u00e4 jokaisen \u00e4\u00e4ni saadaan kuuluviin ja viesti v\u00e4litetty\u00e4 vastaanottajalle tarkasti.<\/span><\/p>\n<p><span style=\"font-weight: 400;\">K\u00e4\u00e4nn\u00f6ksiss\u00e4 puolestaan aiheina korostuvat opetus- ja koulutusala, EU-viestint\u00e4, markkinointi- ja mainostekstit sek\u00e4 ohjelmistojen ja k\u00e4ytt\u00f6liittymien k\u00e4\u00e4nn\u00f6kset. Vahvojen tiedonhallintataitojen ansiosta Leenulla on valmiudet perehty\u00e4 useisiin eri aiheisiin, ja tiedon kartuttaminen k\u00e4\u00e4nt\u00e4misen ohella onkin Leenun mielest\u00e4 yksi k\u00e4\u00e4nn\u00f6salan mielekk\u00e4immist\u00e4 piirteist\u00e4.<\/span><\/p>\n<p><span style=\"font-weight: 400;\">Sanaraja Oy<\/span><span style=\"font-weight: 400;\"><br \/><\/span><span style=\"font-weight: 400;\">Leenu Miikki<\/span><span style=\"font-weight: 400;\"><br \/><\/span><span style=\"font-weight: 400;\">leenu(at)sanaraja.fi<\/span><\/p>\t\t\t\t\t\t\t\t<\/div>\n\t\t\t\t<\/div>\n\t\t\t\t\t<\/div>\n\t\t<\/div>\n\t\t\t\t\t<\/div>\n\t\t<\/section>\n\t\t\t\t<section class=\"elementor-section elementor-top-section elementor-element elementor-element-5bdc013 elementor-section-boxed elementor-section-height-default elementor-section-height-default\" data-id=\"5bdc013\" data-element_type=\"section\" data-e-type=\"section\">\n\t\t\t\t\t\t<div class=\"elementor-container elementor-column-gap-default\">\n\t\t\t\t\t<div class=\"elementor-column elementor-col-16 elementor-top-column elementor-element elementor-element-d47563d\" data-id=\"d47563d\" data-element_type=\"column\" data-e-type=\"column\" data-settings=\"{&quot;background_background&quot;:&quot;classic&quot;}\">\n\t\t\t<div class=\"elementor-widget-wrap\">\n\t\t\t\t\t\t\t<\/div>\n\t\t<\/div>\n\t\t\t\t<div class=\"elementor-column elementor-col-66 elementor-top-column elementor-element elementor-element-395a319\" data-id=\"395a319\" data-element_type=\"column\" data-e-type=\"column\">\n\t\t\t<div class=\"elementor-widget-wrap elementor-element-populated\">\n\t\t\t\t\t\t<div class=\"elementor-element elementor-element-f584482 elementor-widget elementor-widget-image\" data-id=\"f584482\" data-element_type=\"widget\" data-e-type=\"widget\" data-widget_type=\"image.default\">\n\t\t\t\t<div class=\"elementor-widget-container\">\n\t\t\t\t\t\t\t\t\t\t\t\t\t\t\t<img decoding=\"async\" src=\"https:\/\/sanaraja.fi\/wp-content\/uploads\/elementor\/thumbs\/Yhdessa1-1-scaled-e1727000679195-quh8y053ocwuiseqcyq6wu53fg0i0mer2ll78x5ehk.jpg\" title=\"Yhdess\u00e41\" alt=\"Yhdess\u00e41\" loading=\"lazy\" \/>\t\t\t\t\t\t\t\t\t\t\t\t\t\t\t<\/div>\n\t\t\t\t<\/div>\n\t\t\t\t<div class=\"elementor-element elementor-element-57557a1 elementor-widget elementor-widget-spacer\" data-id=\"57557a1\" data-element_type=\"widget\" data-e-type=\"widget\" data-widget_type=\"spacer.default\">\n\t\t\t\t<div class=\"elementor-widget-container\">\n\t\t\t\t\t\t\t<div class=\"elementor-spacer\">\n\t\t\t<div class=\"elementor-spacer-inner\"><\/div>\n\t\t<\/div>\n\t\t\t\t\t\t<\/div>\n\t\t\t\t<\/div>\n\t\t\t\t\t<\/div>\n\t\t<\/div>\n\t\t\t\t<div class=\"elementor-column elementor-col-16 elementor-top-column elementor-element elementor-element-7cff15f\" data-id=\"7cff15f\" data-element_type=\"column\" data-e-type=\"column\" data-settings=\"{&quot;background_background&quot;:&quot;classic&quot;}\">\n\t\t\t<div class=\"elementor-widget-wrap\">\n\t\t\t\t\t<div class=\"elementor-background-overlay\"><\/div>\n\t\t\t\t\t\t\t<\/div>\n\t\t<\/div>\n\t\t\t\t\t<\/div>\n\t\t<\/section>\n\t\t\t\t<section class=\"elementor-section elementor-top-section elementor-element elementor-element-a3eadbf elementor-section-boxed elementor-section-height-default elementor-section-height-default\" data-id=\"a3eadbf\" data-element_type=\"section\" data-e-type=\"section\">\n\t\t\t\t\t\t<div class=\"elementor-container elementor-column-gap-default\">\n\t\t\t\t\t<div class=\"elementor-column elementor-col-100 elementor-top-column elementor-element elementor-element-5d30fbe\" data-id=\"5d30fbe\" data-element_type=\"column\" data-e-type=\"column\">\n\t\t\t<div class=\"elementor-widget-wrap\">\n\t\t\t\t\t\t\t<\/div>\n\t\t<\/div>\n\t\t\t\t\t<\/div>\n\t\t<\/section>\n\t\t\t\t<\/div>\n\t\t","protected":false},"excerpt":{"rendered":"<p>Tulkkaus-, k\u00e4\u00e4nn\u00f6s- ja kielipalvelut Tampereen suunnalta etel\u00e4karjalaisella asenteella! Sanaraja Oy:n takana on kaksi toisiinsa yliopistossa tutustunutta etel\u00e4karjalaista naista. Karjalaiseen tapaan sanataiturointi on meill\u00e4 veriss\u00e4. Hoidamme toimeksiannot asiaankuuluvalla reippaudella, joka on asenteemme ytimess\u00e4. Emme kuitenkaan tee ty\u00f6t\u00e4mme vain laulellen, vaan toteutamme jokaisen toimeksiannon huolella.\u00a0 Ammattimainen k\u00e4\u00e4nn\u00f6sj\u00e4lkemme on laatua parhaimmillaan ja ammattitaitoa olemme kartuttaneet paitsi It\u00e4-Suomen yliopistossa [&hellip;]<\/p>\n","protected":false},"author":1,"featured_media":0,"parent":0,"menu_order":4,"comment_status":"closed","ping_status":"closed","template":"","meta":{"site-sidebar-layout":"no-sidebar","site-content-layout":"page-builder","ast-site-content-layout":"full-width-container","site-content-style":"unboxed","site-sidebar-style":"unboxed","ast-global-header-display":"","ast-banner-title-visibility":"","ast-main-header-display":"","ast-hfb-above-header-display":"","ast-hfb-below-header-display":"","ast-hfb-mobile-header-display":"","site-post-title":"","ast-breadcrumbs-content":"","ast-featured-img":"disabled","footer-sml-layout":"","theme-transparent-header-meta":"","adv-header-id-meta":"","stick-header-meta":"","header-above-stick-meta":"","header-main-stick-meta":"","header-below-stick-meta":"","astra-migrate-meta-layouts":"set","ast-page-background-enabled":"default","ast-page-background-meta":{"desktop":{"background-color":"var(--ast-global-color-4)","background-image":"","background-repeat":"repeat","background-position":"center center","background-size":"auto","background-attachment":"scroll","background-type":"","background-media":"","overlay-type":"","overlay-color":"","overlay-opacity":"","overlay-gradient":""},"tablet":{"background-color":"","background-image":"","background-repeat":"repeat","background-position":"center center","background-size":"auto","background-attachment":"scroll","background-type":"","background-media":"","overlay-type":"","overlay-color":"","overlay-opacity":"","overlay-gradient":""},"mobile":{"background-color":"","background-image":"","background-repeat":"repeat","background-position":"center center","background-size":"auto","background-attachment":"scroll","background-type":"","background-media":"","overlay-type":"","overlay-color":"","overlay-opacity":"","overlay-gradient":""}},"ast-content-background-meta":{"desktop":{"background-color":"var(--ast-global-color-5)","background-image":"","background-repeat":"repeat","background-position":"center center","background-size":"auto","background-attachment":"scroll","background-type":"","background-media":"","overlay-type":"","overlay-color":"","overlay-opacity":"","overlay-gradient":""},"tablet":{"background-color":"var(--ast-global-color-5)","background-image":"","background-repeat":"repeat","background-position":"center center","background-size":"auto","background-attachment":"scroll","background-type":"","background-media":"","overlay-type":"","overlay-color":"","overlay-opacity":"","overlay-gradient":""},"mobile":{"background-color":"var(--ast-global-color-5)","background-image":"","background-repeat":"repeat","background-position":"center center","background-size":"auto","background-attachment":"scroll","background-type":"","background-media":"","overlay-type":"","overlay-color":"","overlay-opacity":"","overlay-gradient":""}},"footnotes":""},"class_list":["post-57","page","type-page","status-publish","hentry"],"_links":{"self":[{"href":"https:\/\/sanaraja.fi\/index.php\/wp-json\/wp\/v2\/pages\/57","targetHints":{"allow":["GET"]}}],"collection":[{"href":"https:\/\/sanaraja.fi\/index.php\/wp-json\/wp\/v2\/pages"}],"about":[{"href":"https:\/\/sanaraja.fi\/index.php\/wp-json\/wp\/v2\/types\/page"}],"author":[{"embeddable":true,"href":"https:\/\/sanaraja.fi\/index.php\/wp-json\/wp\/v2\/users\/1"}],"replies":[{"embeddable":true,"href":"https:\/\/sanaraja.fi\/index.php\/wp-json\/wp\/v2\/comments?post=57"}],"version-history":[{"count":52,"href":"https:\/\/sanaraja.fi\/index.php\/wp-json\/wp\/v2\/pages\/57\/revisions"}],"predecessor-version":[{"id":1650,"href":"https:\/\/sanaraja.fi\/index.php\/wp-json\/wp\/v2\/pages\/57\/revisions\/1650"}],"wp:attachment":[{"href":"https:\/\/sanaraja.fi\/index.php\/wp-json\/wp\/v2\/media?parent=57"}],"curies":[{"name":"wp","href":"https:\/\/api.w.org\/{rel}","templated":true}]}}