{"id":892,"date":"2024-09-22T11:02:12","date_gmt":"2024-09-22T11:02:12","guid":{"rendered":"https:\/\/sanaraja.fi\/?page_id=892"},"modified":"2025-07-16T11:07:12","modified_gmt":"2025-07-16T11:07:12","slug":"rekisteri-ja-tietosuojaseloste","status":"publish","type":"page","link":"https:\/\/sanaraja.fi\/index.php\/hinnasto\/rekisteri-ja-tietosuojaseloste\/","title":{"rendered":"Rekisteri- ja tietosuojaseloste"},"content":{"rendered":"\t\t<div data-elementor-type=\"wp-page\" data-elementor-id=\"892\" class=\"elementor elementor-892\">\n\t\t\t\t\t\t<section class=\"elementor-section elementor-top-section elementor-element elementor-element-74ac106 elementor-section-boxed elementor-section-height-default elementor-section-height-default\" data-id=\"74ac106\" data-element_type=\"section\" data-e-type=\"section\">\n\t\t\t\t\t\t<div class=\"elementor-container elementor-column-gap-default\">\n\t\t\t\t\t<div class=\"elementor-column elementor-col-100 elementor-top-column elementor-element elementor-element-48af232\" data-id=\"48af232\" data-element_type=\"column\" data-e-type=\"column\">\n\t\t\t<div class=\"elementor-widget-wrap elementor-element-populated\">\n\t\t\t\t\t\t<div class=\"elementor-element elementor-element-3bd32b0 elementor-widget elementor-widget-image\" data-id=\"3bd32b0\" data-element_type=\"widget\" data-e-type=\"widget\" data-widget_type=\"image.default\">\n\t\t\t\t<div class=\"elementor-widget-container\">\n\t\t\t\t\t\t\t\t\t\t\t\t\t\t\t<img decoding=\"async\" src=\"https:\/\/sanaraja.fi\/wp-content\/uploads\/elementor\/thumbs\/Banneri-naytot-scaled-qufn1tmi5bhn7lchxyy4gb0izmjr20tpcmzjgoci88.jpg\" title=\"Banneri n\u00e4yt\u00f6t\" alt=\"Banneri n\u00e4yt\u00f6t\" loading=\"lazy\" \/>\t\t\t\t\t\t\t\t\t\t\t\t\t\t\t<\/div>\n\t\t\t\t<\/div>\n\t\t\t\t\t<\/div>\n\t\t<\/div>\n\t\t\t\t\t<\/div>\n\t\t<\/section>\n\t\t\t\t<section class=\"elementor-section elementor-top-section elementor-element elementor-element-4f1076d elementor-section-boxed elementor-section-height-default elementor-section-height-default\" data-id=\"4f1076d\" data-element_type=\"section\" data-e-type=\"section\">\n\t\t\t\t\t\t<div class=\"elementor-container elementor-column-gap-default\">\n\t\t\t\t\t<div class=\"elementor-column elementor-col-100 elementor-top-column elementor-element elementor-element-f7f4bdf\" data-id=\"f7f4bdf\" data-element_type=\"column\" data-e-type=\"column\">\n\t\t\t<div class=\"elementor-widget-wrap elementor-element-populated\">\n\t\t\t\t\t\t<div class=\"elementor-element elementor-element-fce1b53 elementor-widget elementor-widget-text-editor\" data-id=\"fce1b53\" data-element_type=\"widget\" data-e-type=\"widget\" data-widget_type=\"text-editor.default\">\n\t\t\t\t<div class=\"elementor-widget-container\">\n\t\t\t\t\t\t\t\t\t<p><b>Rekisteri- ja tietosuojaseloste&nbsp;<\/b><\/p>\n<p><span style=\"font-weight: 400;\">T\u00e4m\u00e4 on Sanaraja Oy:n asiakasrekisterin rekisteri- ja tietosuojaseloste. Perusteena ovat henkil\u00f6tietolaki (10 ja 24 \u00a7) ja EU:n yleinen tietosuoja-asetus (GDPR). <\/span><\/p>\n<p><span style=\"font-weight: 400;\">Laadittu 6.7.2023. P\u00e4ivitetty 16.7.2025.&nbsp;<\/span><\/p>\n<ol>\n<li><span style=\"font-weight: 400;\"> Rekisterinpit\u00e4j\u00e4&nbsp;<\/span><\/li>\n<\/ol>\n<p><span style=\"font-weight: 400;\">Sanaraja Oy (Y-tunnus: 3356097-9)&nbsp;<\/span><\/p>\n<p><span style=\"font-weight: 400;\">Mustanlahdenkatu 20 B 132, 33210 Tampere&nbsp;<\/span><\/p>\n<p><span style=\"font-weight: 400;\">info@sanaraja.fi&nbsp;<\/span><\/p>\n<ol start=\"2\">\n<li><span style=\"font-weight: 400;\"> Sanarajan yhteyshenkil\u00f6 rekisteriasioissa&nbsp;<\/span><\/li>\n<\/ol>\n<p><span style=\"font-weight: 400;\">Leenu Miikki, leenu@sanaraja.fi&nbsp;<\/span><\/p>\n<p><span style=\"font-weight: 400;\">Sanaraja Oy, Mustanlahdenkatu 20 B 132, 33210 Tampere&nbsp;<\/span><\/p>\n<ol start=\"3\">\n<li><span style=\"font-weight: 400;\"> Oikeusperuste ja henkil\u00f6tietojen k\u00e4sittelyn tarkoitus&nbsp;<\/span><\/li>\n<\/ol>\n<p><span style=\"font-weight: 400;\">Oikeusperuste henkil\u00f6tietojen k\u00e4sittelylle on henkil\u00f6tietolain (523\/1999, 8 \u00a7) mukainen rekisterinpit\u00e4j\u00e4n oikeutettu etu (t\u00e4ss\u00e4 tapauksessa asiakassuhde). Henkil\u00f6tietojen k\u00e4sittelyn perusteena on sopimussuhde, suostumus, lakis\u00e4\u00e4teisten velvoitteiden noudattaminen tai rekisterinpit\u00e4j\u00e4n oikeutettu etu asiakassuhteen edellytt\u00e4miss\u00e4 tilanteissa.&nbsp;<\/span><\/p>\n<p><span style=\"font-weight: 400;\">Henkil\u00f6tietojen k\u00e4sittelyn tarkoitus on toimeksiantojen laskutus, asiakassuhteen hoitaminen ja kehitt\u00e4minen, palvelun tuottaminen ja kehitt\u00e4minen sek\u00e4 tilastollinen seuranta.&nbsp;<\/span><\/p>\n<p><span style=\"font-weight: 400;\">Tietoja ei k\u00e4ytet\u00e4 automatisoituun p\u00e4\u00e4t\u00f6ksentekoon tai profilointiin.&nbsp;<\/span><\/p>\n<ol start=\"4\">\n<li><span style=\"font-weight: 400;\"> Rekisterin tietosis\u00e4lt\u00f6&nbsp;<\/span><\/li>\n<\/ol>\n<p><span style=\"font-weight: 400;\">Rekisteriin tallennettavia tietoja ovat: asiakkaan tai yrityksen nimi, yhteystiedot (puhelinnumero, s\u00e4hk\u00f6postiosoite, osoite, y-tunnus), asiakkaan antamat asiakaspalautetiedot sek\u00e4 asiakkaan tilaus-, laskutus- ja toimitustiedot.&nbsp;<\/span><\/p>\n<p><span style=\"font-weight: 400;\">Asiakkaan tietoja s\u00e4ilytet\u00e4\u00e4n niin kauan kuin on toimeksiannon laskutuksen kannalta tarpeellista, ellei tietojen s\u00e4ilytt\u00e4minen t\u00e4t\u00e4 pidemp\u00e4\u00e4n ole lain edellytt\u00e4m\u00e4 tai lain nojalla sallittu. Asiakas- tai toimeksiantosuhteen p\u00e4\u00e4ttymisen j\u00e4lkeen tarpeellisia tietojasi s\u00e4ilytet\u00e4\u00e4n enint\u00e4\u00e4n 5 vuoden ajan.<\/span><\/p>\n<ol start=\"5\">\n<li><span style=\"font-weight: 400;\"> S\u00e4\u00e4nn\u00f6nmukaiset tietol\u00e4hteet&nbsp;<\/span><\/li>\n<\/ol>\n<p><span style=\"font-weight: 400;\">Rekisteriin tallennettavat tiedot saadaan asiakkaalta h\u00e4nen tehdess\u00e4\u00e4n tarjouspyynn\u00f6n tai palvelusopimuksen Sanaraja Oy:n kanssa. Yritysasiakkaiden tietoja saadaan my\u00f6s heid\u00e4n omilta palvelualustoiltaan.&nbsp;<\/span><\/p>\n<ol start=\"6\">\n<li><span style=\"font-weight: 400;\"> Tietojen s\u00e4\u00e4nn\u00f6nmukaiset luovutukset ja tietojen siirto EU:n tai ETA:n ulkopuolelle&nbsp;<\/span><\/li>\n<\/ol>\n<p><span style=\"font-weight: 400;\">Sanaraja Oy voi luovuttaa ker\u00e4\u00e4mi\u00e4\u00e4n henkil\u00f6tietoja yrityksen taloushallinnollisia asioita hoitavalle tilitoimistolle kirjanpitovelvollisuuksien t\u00e4ytt\u00e4miseksi, sek\u00e4 lakis\u00e4\u00e4teisiss\u00e4 tapauksissa viranomaisille. Muille kolmansille osapuolille asiakkaan henkil\u00f6tietoja ei siirret\u00e4. Jotkin palveluntarjoajat, kuten Google ja Microsoft, voivat tarjota palveluitaan EU- ja ETA-alueen ulkopuolelle. Kaikki palveluntarjoajamme noudattavat tietosuojalains\u00e4\u00e4d\u00e4nt\u00f6\u00e4.<\/span><\/p>\n<ol start=\"7\">\n<li><span style=\"font-weight: 400;\"> Rekisterin suojauksen periaatteet&nbsp;<\/span><\/li>\n<\/ol>\n<p><span style=\"font-weight: 400;\">Asiakkaan henkil\u00f6tiedot s\u00e4ilytet\u00e4\u00e4n luottamuksellisesti ja niiden k\u00e4sittely on rajattua. Oikeus tietojen k\u00e4sittelyyn on vain niit\u00e4 ty\u00f6teht\u00e4viins\u00e4 tarvitsevilla henkil\u00f6ill\u00e4. Sanaraja Oy noudattaa tietojen k\u00e4sittelyss\u00e4 henkil\u00f6tietolakia sek\u00e4 muita t\u00e4h\u00e4n sovellettavia, Suomen lains\u00e4\u00e4d\u00e4nn\u00f6ss\u00e4 yksil\u00f6n tietosuojasta voimassa olevia s\u00e4\u00e4d\u00f6ksi\u00e4.&nbsp;<\/span><\/p>\n<p><span style=\"font-weight: 400;\">Sanaraja Oy pyrkii suojaamaan henkil\u00f6tiedot vahingossa tapahtuvalta, laittomalta tai luvattomalta h\u00e4vi\u00e4miselt\u00e4, tietoihin p\u00e4\u00e4sylt\u00e4, luovuttamiselta, k\u00e4yt\u00f6lt\u00e4, muuttamiselta tai tuhoamiselta.&nbsp;<\/span><\/p>\n<p><span style=\"font-weight: 400;\">Asiakkaan henkil\u00f6tietoja s\u00e4ilytet\u00e4\u00e4n suojatusti paikoissa, joihin vain henkil\u00f6tietojen k\u00e4sittelij\u00e4ll\u00e4 on p\u00e4\u00e4sy. S\u00e4hk\u00f6iset tiedot on suojattu salasanoilla ja k\u00e4ytt\u00e4j\u00e4tunnuksilla (esim. salasanalla suojattu pilvipalvelu\/s\u00e4hk\u00f6posti).<\/span><\/p>\n<ol start=\"8\">\n<li><span style=\"font-weight: 400;\"> Tarkastusoikeus ja oikeus vaatia tiedon korjaamista&nbsp;<\/span><\/li>\n<\/ol>\n<p><span style=\"font-weight: 400;\">Asiakas tai yritys hallitsee kaikkia henkil\u00f6tietoja, jotka h\u00e4n luovuttaa Sanaraja Oy:lle. Asiakkaalla on oikeus tarkistaa, mit\u00e4 h\u00e4nt\u00e4 tai yrityst\u00e4 koskevia tietoja rekisteriin on tallennettu ja vaatia mahdollisen virheellisen tiedon korjaamista tai puutteellisen tiedon t\u00e4ydent\u00e4mist\u00e4. Tarkastuspyynt\u00f6 tulee l\u00e4hett\u00e4\u00e4 s\u00e4hk\u00f6postiosoitteeseen, joka on ilmoitettu kohdassa 2: Sanarajan yhteyshenkil\u00f6 rekisteriasioissa. Rekisterinpit\u00e4j\u00e4 voi pyyt\u00e4\u00e4 tarvittaessa pyynn\u00f6n esitt\u00e4j\u00e4\u00e4 todistamaan henkil\u00f6llisyytens\u00e4. Rekisterinpit\u00e4j\u00e4 vastaa asiakkaalle EU:n tietosuoja-asetuksessa s\u00e4\u00e4detyss\u00e4 ajassa (p\u00e4\u00e4s\u00e4\u00e4nt\u00f6isesti kuukauden kuluessa).<\/span><\/p>\n<ol start=\"9\">\n<li><span style=\"font-weight: 400;\"> Muut henkil\u00f6tietojen k\u00e4sittelyyn liittyv\u00e4t oikeudet&nbsp;<\/span><\/li>\n<\/ol>\n<p><span style=\"font-weight: 400;\">Asiakkaalla on tietyiss\u00e4 tilanteissa oikeus pyyt\u00e4\u00e4 h\u00e4nt\u00e4 tai yrityst\u00e4 koskevien henkil\u00f6tietojen poistamista rekisterist\u00e4 (\u201doikeus tulla unohdetuksi\u201d), rajoittaa ja vastustaa omien henkil\u00f6tietojensa k\u00e4sittely\u00e4. Pyynn\u00f6t tulee l\u00e4hett\u00e4\u00e4 kirjallisesti rekisterinpit\u00e4j\u00e4lle. Rekisterinpit\u00e4j\u00e4 voi pyyt\u00e4\u00e4 tarvittaessa pyynn\u00f6n esitt\u00e4j\u00e4\u00e4 todistamaan henkil\u00f6llisyytens\u00e4. Rekisterinpit\u00e4j\u00e4 vastaa asiakkaalle EU:n tietosuoja-asetuksessa s\u00e4\u00e4detyss\u00e4 ajassa (p\u00e4\u00e4s\u00e4\u00e4nt\u00f6isesti kuukauden kuluessa).&nbsp;<\/span><\/p>\n<p><span style=\"font-weight: 400;\">Pyyd\u00e4mme kuitenkin huomioimaan, ett\u00e4 tietojen antaminen ja k\u00e4sittelyn salliminen voi tietyiss\u00e4 tilanteissa olla palvelun k\u00e4ytt\u00e4misen edellytys. Sanaraja Oy varaa oikeuden keskeytt\u00e4\u00e4 palveluiden tarjoaminen tai est\u00e4\u00e4 p\u00e4\u00e4syn palveluihin, mik\u00e4li rekister\u00f6ity ei anna palvelun kannalta olennaisia tietoja tai vaatii niiden poistamista.<\/span><\/p>\t\t\t\t\t\t\t\t<\/div>\n\t\t\t\t<\/div>\n\t\t\t\t\t<\/div>\n\t\t<\/div>\n\t\t\t\t\t<\/div>\n\t\t<\/section>\n\t\t\t\t<\/div>\n\t\t","protected":false},"excerpt":{"rendered":"<p>Rekisteri- ja tietosuojaseloste&nbsp; T\u00e4m\u00e4 on Sanaraja Oy:n asiakasrekisterin rekisteri- ja tietosuojaseloste. Perusteena ovat henkil\u00f6tietolaki (10 ja 24 \u00a7) ja EU:n yleinen tietosuoja-asetus (GDPR). Laadittu 6.7.2023. P\u00e4ivitetty 16.7.2025.&nbsp; Rekisterinpit\u00e4j\u00e4&nbsp; Sanaraja Oy (Y-tunnus: 3356097-9)&nbsp; Mustanlahdenkatu 20 B 132, 33210 Tampere&nbsp; info@sanaraja.fi&nbsp; Sanarajan yhteyshenkil\u00f6 rekisteriasioissa&nbsp; Leenu Miikki, leenu@sanaraja.fi&nbsp; Sanaraja Oy, Mustanlahdenkatu 20 B 132, 33210 Tampere&nbsp; Oikeusperuste ja [&hellip;]<\/p>\n","protected":false},"author":1,"featured_media":0,"parent":56,"menu_order":0,"comment_status":"closed","ping_status":"closed","template":"","meta":{"site-sidebar-layout":"no-sidebar","site-content-layout":"page-builder","ast-site-content-layout":"full-width-container","site-content-style":"default","site-sidebar-style":"default","ast-global-header-display":"","ast-banner-title-visibility":"","ast-main-header-display":"","ast-hfb-above-header-display":"","ast-hfb-below-header-display":"","ast-hfb-mobile-header-display":"","site-post-title":"disabled","ast-breadcrumbs-content":"","ast-featured-img":"disabled","footer-sml-layout":"","theme-transparent-header-meta":"","adv-header-id-meta":"","stick-header-meta":"","header-above-stick-meta":"","header-main-stick-meta":"","header-below-stick-meta":"","astra-migrate-meta-layouts":"set","ast-page-background-enabled":"default","ast-page-background-meta":{"desktop":{"background-color":"var(--ast-global-color-4)","background-image":"","background-repeat":"repeat","background-position":"center center","background-size":"auto","background-attachment":"scroll","background-type":"","background-media":"","overlay-type":"","overlay-color":"","overlay-opacity":"","overlay-gradient":""},"tablet":{"background-color":"","background-image":"","background-repeat":"repeat","background-position":"center center","background-size":"auto","background-attachment":"scroll","background-type":"","background-media":"","overlay-type":"","overlay-color":"","overlay-opacity":"","overlay-gradient":""},"mobile":{"background-color":"","background-image":"","background-repeat":"repeat","background-position":"center center","background-size":"auto","background-attachment":"scroll","background-type":"","background-media":"","overlay-type":"","overlay-color":"","overlay-opacity":"","overlay-gradient":""}},"ast-content-background-meta":{"desktop":{"background-color":"var(--ast-global-color-5)","background-image":"","background-repeat":"repeat","background-position":"center center","background-size":"auto","background-attachment":"scroll","background-type":"","background-media":"","overlay-type":"","overlay-color":"","overlay-opacity":"","overlay-gradient":""},"tablet":{"background-color":"var(--ast-global-color-5)","background-image":"","background-repeat":"repeat","background-position":"center center","background-size":"auto","background-attachment":"scroll","background-type":"","background-media":"","overlay-type":"","overlay-color":"","overlay-opacity":"","overlay-gradient":""},"mobile":{"background-color":"var(--ast-global-color-5)","background-image":"","background-repeat":"repeat","background-position":"center center","background-size":"auto","background-attachment":"scroll","background-type":"","background-media":"","overlay-type":"","overlay-color":"","overlay-opacity":"","overlay-gradient":""}},"footnotes":""},"class_list":["post-892","page","type-page","status-publish","hentry"],"_links":{"self":[{"href":"https:\/\/sanaraja.fi\/index.php\/wp-json\/wp\/v2\/pages\/892","targetHints":{"allow":["GET"]}}],"collection":[{"href":"https:\/\/sanaraja.fi\/index.php\/wp-json\/wp\/v2\/pages"}],"about":[{"href":"https:\/\/sanaraja.fi\/index.php\/wp-json\/wp\/v2\/types\/page"}],"author":[{"embeddable":true,"href":"https:\/\/sanaraja.fi\/index.php\/wp-json\/wp\/v2\/users\/1"}],"replies":[{"embeddable":true,"href":"https:\/\/sanaraja.fi\/index.php\/wp-json\/wp\/v2\/comments?post=892"}],"version-history":[{"count":25,"href":"https:\/\/sanaraja.fi\/index.php\/wp-json\/wp\/v2\/pages\/892\/revisions"}],"predecessor-version":[{"id":1210,"href":"https:\/\/sanaraja.fi\/index.php\/wp-json\/wp\/v2\/pages\/892\/revisions\/1210"}],"up":[{"embeddable":true,"href":"https:\/\/sanaraja.fi\/index.php\/wp-json\/wp\/v2\/pages\/56"}],"wp:attachment":[{"href":"https:\/\/sanaraja.fi\/index.php\/wp-json\/wp\/v2\/media?parent=892"}],"curies":[{"name":"wp","href":"https:\/\/api.w.org\/{rel}","templated":true}]}}